{"id":2419,"date":"2023-05-26T08:50:26","date_gmt":"2023-05-26T08:50:26","guid":{"rendered":"https:\/\/argonics.de\/?page_id=2419"},"modified":"2025-05-23T12:55:03","modified_gmt":"2025-05-23T12:55:03","slug":"argotraining","status":"publish","type":"page","link":"https:\/\/argonics.de\/en\/argotraining\/","title":{"rendered":"argoTraining"},"content":{"rendered":"<div class=\"wp-block-cover alignfull is-light\" style=\"min-height:400px;aspect-ratio:unset;\"><img loading=\"lazy\" decoding=\"async\" width=\"6157\" height=\"2000\" class=\"wp-block-cover__image-background wp-image-1567\" alt=\"\" src=\"http:\/\/trackpilot.eu\/wp-content\/uploads\/2023\/08\/Europa_Fluesse_all_Zuschnitt.png\" data-object-fit=\"cover\" srcset=\"https:\/\/argonics.de\/wp-content\/uploads\/2023\/08\/Europa_Fluesse_all_Zuschnitt.png 6157w, https:\/\/argonics.de\/wp-content\/uploads\/2023\/08\/Europa_Fluesse_all_Zuschnitt-300x97.png 300w, https:\/\/argonics.de\/wp-content\/uploads\/2023\/08\/Europa_Fluesse_all_Zuschnitt-1024x333.png 1024w, https:\/\/argonics.de\/wp-content\/uploads\/2023\/08\/Europa_Fluesse_all_Zuschnitt-768x249.png 768w, https:\/\/argonics.de\/wp-content\/uploads\/2023\/08\/Europa_Fluesse_all_Zuschnitt-1536x499.png 1536w, https:\/\/argonics.de\/wp-content\/uploads\/2023\/08\/Europa_Fluesse_all_Zuschnitt-2048x665.png 2048w, https:\/\/argonics.de\/wp-content\/uploads\/2023\/08\/Europa_Fluesse_all_Zuschnitt-18x6.png 18w\" sizes=\"auto, (max-width: 6157px) 100vw, 6157px\" \/><span aria-hidden=\"true\" class=\"wp-block-cover__background has-background-dim\"><\/span><div class=\"wp-block-cover__inner-container is-layout-flow wp-block-cover-is-layout-flow\">\n<p class=\"has-text-align-center has-medium-font-size\"><\/p>\n<\/div><\/div>\n\n\n\n<h3 class=\"wp-block-heading has-text-align-left\">What is argoTraining?<\/h3>\n\n\n\n<div class=\"wp-block-columns is-layout-flex wp-container-core-columns-is-layout-28f84493 wp-block-columns-is-layout-flex\">\n<div class=\"wp-block-column is-layout-flow wp-block-column-is-layout-flow\" style=\"flex-basis:66.66%\">\n<p class=\"has-medium-font-size translation-block\">argoTraining is our <strong>interactive alternative<\/strong> for an initial introduction to our products. We are starting with the argoTrackPilot in German and Dutch. Similar training sessions will later be available for other products and in additional languages.<\/p>\n\n\n\n<p class=\"has-medium-font-size\"><strong>The best part? <\/strong>Anyone who owns an argoTrackPilot (or AlphaRiverTrackPilot) automatically has access to these online training courses. This applies to both existing and new customers.<\/p>\n<\/div>\n\n\n\n<div class=\"wp-block-column is-layout-flow wp-block-column-is-layout-flow\" style=\"flex-basis:40%\">\n<figure class=\"wp-block-image aligncenter size-full is-resized\"><a href=\"https:\/\/training.argonics.de\/\" target=\"_blank\" rel=\"noreferrer noopener\"><img loading=\"lazy\" decoding=\"async\" width=\"1070\" height=\"158\" src=\"https:\/\/argonics.de\/wp-content\/uploads\/2023\/11\/Logo_argoTraining_reg.png\" alt=\"\" class=\"wp-image-2422\" style=\"aspect-ratio:6.772151898734177;object-fit:cover;width:418px;height:auto\" srcset=\"https:\/\/argonics.de\/wp-content\/uploads\/2023\/11\/Logo_argoTraining_reg.png 1070w, https:\/\/argonics.de\/wp-content\/uploads\/2023\/11\/Logo_argoTraining_reg-300x44.png 300w, https:\/\/argonics.de\/wp-content\/uploads\/2023\/11\/Logo_argoTraining_reg-1024x151.png 1024w, https:\/\/argonics.de\/wp-content\/uploads\/2023\/11\/Logo_argoTraining_reg-768x113.png 768w, https:\/\/argonics.de\/wp-content\/uploads\/2023\/11\/Logo_argoTraining_reg-18x3.png 18w\" sizes=\"auto, (max-width: 1070px) 100vw, 1070px\" \/><\/a><\/figure>\n\n\n\n<div class=\"wp-block-buttons is-content-justification-center is-layout-flex wp-container-core-buttons-is-layout-a89b3969 wp-block-buttons-is-layout-flex\">\n<div class=\"wp-block-button\"><a class=\"wp-block-button__link wp-element-button\" href=\"https:\/\/training.argonics.de\" style=\"border-radius:50px\" target=\"_blank\" rel=\"noreferrer noopener\">To the online training courses<\/a><\/div>\n<\/div>\n<\/div>\n<\/div>\n\n\n\n<div style=\"height:30px\" aria-hidden=\"true\" class=\"wp-block-spacer\"><\/div>\n\n\n\n<div class=\"wp-block-columns is-layout-flex wp-container-core-columns-is-layout-28f84493 wp-block-columns-is-layout-flex\">\n<div class=\"wp-block-column is-layout-flow wp-block-column-is-layout-flow\" style=\"flex-basis:85%\">\n<div class=\"wp-block-group is-nowrap is-layout-flex wp-container-core-group-is-layout-6c531013 wp-block-group-is-layout-flex\">\n<figure class=\"wp-block-image size-full is-resized\"><img loading=\"lazy\" decoding=\"async\" width=\"335\" height=\"178\" src=\"https:\/\/argonics.de\/wp-content\/uploads\/2023\/11\/course_prev_Pflicht_Skipper_aTP_Zert-Kopie.png\" alt=\"\" class=\"wp-image-2426\" style=\"width:100px\" srcset=\"https:\/\/argonics.de\/wp-content\/uploads\/2023\/11\/course_prev_Pflicht_Skipper_aTP_Zert-Kopie.png 335w, https:\/\/argonics.de\/wp-content\/uploads\/2023\/11\/course_prev_Pflicht_Skipper_aTP_Zert-Kopie-300x159.png 300w, https:\/\/argonics.de\/wp-content\/uploads\/2023\/11\/course_prev_Pflicht_Skipper_aTP_Zert-Kopie-18x10.png 18w\" sizes=\"auto, (max-width: 335px) 100vw, 335px\" \/><\/figure>\n\n\n\n<h3 class=\"wp-block-heading\">Certification<\/h3>\n<\/div>\n\n\n\n<p class=\"has-medium-font-size\">If you would like proof that you have successfully completed your online training, you can register for certification. You will then receive a personalised access.<\/p>\n\n\n\n<div class=\"wp-block-columns is-layout-flex wp-container-core-columns-is-layout-28f84493 wp-block-columns-is-layout-flex\">\n<div class=\"wp-block-column is-layout-flow wp-block-column-is-layout-flow\" style=\"flex-basis:66.66%\">\n<p class=\"has-medium-font-size translation-block\">The certification is subject to a <strong>fee<\/strong> and can be ordered through our shop.<\/p>\n<\/div>\n\n\n\n<div class=\"wp-block-column is-layout-flow wp-block-column-is-layout-flow\" style=\"flex-basis:33.33%\">\n<div class=\"wp-block-buttons is-content-justification-left is-layout-flex wp-container-core-buttons-is-layout-fc4fd283 wp-block-buttons-is-layout-flex\">\n<div class=\"wp-block-button\"><a class=\"wp-block-button__link wp-element-button\" href=\"https:\/\/www.argonics-shop.de\" style=\"border-radius:50px\" target=\"_blank\" rel=\"noreferrer noopener\">Shop<\/a><\/div>\n<\/div>\n<\/div>\n<\/div>\n<\/div>\n<\/div>\n\n\n\n<div style=\"height:15px\" aria-hidden=\"true\" class=\"wp-block-spacer\"><\/div>\n\n\n\n<figure class=\"wp-block-image aligncenter size-full is-resized\"><img loading=\"lazy\" decoding=\"async\" width=\"2556\" height=\"1204\" src=\"https:\/\/argonics.de\/wp-content\/uploads\/2023\/11\/Bildschirmfoto-2023-11-14-um-09.07.59-1.png\" alt=\"\" class=\"wp-image-2423\" style=\"aspect-ratio:2.122923588039867;width:946px;height:auto\" srcset=\"https:\/\/argonics.de\/wp-content\/uploads\/2023\/11\/Bildschirmfoto-2023-11-14-um-09.07.59-1.png 2556w, https:\/\/argonics.de\/wp-content\/uploads\/2023\/11\/Bildschirmfoto-2023-11-14-um-09.07.59-1-300x141.png 300w, https:\/\/argonics.de\/wp-content\/uploads\/2023\/11\/Bildschirmfoto-2023-11-14-um-09.07.59-1-1024x482.png 1024w, https:\/\/argonics.de\/wp-content\/uploads\/2023\/11\/Bildschirmfoto-2023-11-14-um-09.07.59-1-768x362.png 768w, https:\/\/argonics.de\/wp-content\/uploads\/2023\/11\/Bildschirmfoto-2023-11-14-um-09.07.59-1-1536x724.png 1536w, https:\/\/argonics.de\/wp-content\/uploads\/2023\/11\/Bildschirmfoto-2023-11-14-um-09.07.59-1-2048x965.png 2048w, https:\/\/argonics.de\/wp-content\/uploads\/2023\/11\/Bildschirmfoto-2023-11-14-um-09.07.59-1-18x8.png 18w\" sizes=\"auto, (max-width: 2556px) 100vw, 2556px\" \/><figcaption class=\"wp-element-caption\">This is what your page \u201cmy courses\u201c might look like in argoTraining.<\/figcaption><\/figure>\n\n\n\n<img decoding=\"async\" src=\"https:\/\/argonics.de\/wp-content\/uploads\/2025\/05\/Logo_argoTraining_dark.png\" style=\"display: none;\">\n\n\n\n<div style=\"height:100px\" aria-hidden=\"true\" class=\"wp-block-spacer\"><\/div>","protected":false},"excerpt":{"rendered":"<p>Was ist das \u2013 argoTraining? argoTraining ist unser interaktiver Ersatz f\u00fcr eine erste Einf\u00fchrung in unsere Produkte. Wir starten mit dem argoTrackPilot in deutscher und niederl\u00e4ndischer Sprache. \u00c4hnliche Schulungen werden sp\u00e4ter auch f\u00fcr andere Produkte und in anderen Sprachen verf\u00fcgbar sein. Das Beste daran? Wer einen argoTrackPilot (oder AlphaRiverTrackPilot) besitzt, hat automatisch Zugang zu diesen [&hellip;]<\/p>\n","protected":false},"author":1,"featured_media":0,"parent":0,"menu_order":0,"comment_status":"closed","ping_status":"closed","template":"","meta":{"footnotes":""},"class_list":["post-2419","page","type-page","status-publish","hentry"],"blocksy_meta":{"has_hero_section":"disabled"},"yoast_head":"<!-- This site is optimized with the Yoast SEO plugin v27.4 - https:\/\/yoast.com\/product\/yoast-seo-wordpress\/ -->\n<title>argoTraining &#8211; argonics<\/title>\n<meta name=\"description\" content=\"Kostenlose Online-Trainings (argoTraining) f\u00fcr unsere Produkte inklusive Zertifizierungsm\u00f6glichkeit.\" \/>\n<meta name=\"robots\" content=\"index, follow, max-snippet:-1, max-image-preview:large, max-video-preview:-1\" \/>\n<link rel=\"canonical\" href=\"https:\/\/argonics.de\/en\/argotraining\/\" \/>\n<meta property=\"og:locale\" content=\"en_GB\" \/>\n<meta property=\"og:type\" content=\"article\" \/>\n<meta property=\"og:title\" content=\"argoTraining &#8211; argonics\" \/>\n<meta property=\"og:description\" content=\"Kostenlose Online-Trainings (argoTraining) f\u00fcr unsere Produkte inklusive Zertifizierungsm\u00f6glichkeit.\" \/>\n<meta property=\"og:url\" content=\"https:\/\/argonics.de\/en\/argotraining\/\" \/>\n<meta property=\"og:site_name\" content=\"argonics\" \/>\n<meta property=\"article:publisher\" content=\"https:\/\/www.facebook.com\/profile.php?id=100091430529763\" \/>\n<meta property=\"article:modified_time\" content=\"2025-05-23T12:55:03+00:00\" \/>\n<meta property=\"og:image\" content=\"https:\/\/argonics.de\/wp-content\/uploads\/2023\/08\/Europa_Fluesse_all_Zuschnitt.png\" \/>\n\t<meta property=\"og:image:width\" content=\"6157\" \/>\n\t<meta property=\"og:image:height\" content=\"2000\" \/>\n\t<meta property=\"og:image:type\" content=\"image\/png\" \/>\n<meta name=\"twitter:card\" content=\"summary_large_image\" \/>\n<script type=\"application\/ld+json\" class=\"yoast-schema-graph\">{\"@context\":\"https:\\\/\\\/schema.org\",\"@graph\":[{\"@type\":\"WebPage\",\"@id\":\"https:\\\/\\\/argonics.de\\\/argotraining\\\/\",\"url\":\"https:\\\/\\\/argonics.de\\\/argotraining\\\/\",\"name\":\"argoTraining &#8211; argonics\",\"isPartOf\":{\"@id\":\"https:\\\/\\\/argonics.de\\\/#website\"},\"primaryImageOfPage\":{\"@id\":\"https:\\\/\\\/argonics.de\\\/argotraining\\\/#primaryimage\"},\"image\":{\"@id\":\"https:\\\/\\\/argonics.de\\\/argotraining\\\/#primaryimage\"},\"thumbnailUrl\":\"http:\\\/\\\/trackpilot.eu\\\/wp-content\\\/uploads\\\/2023\\\/08\\\/Europa_Fluesse_all_Zuschnitt.png\",\"datePublished\":\"2023-05-26T08:50:26+00:00\",\"dateModified\":\"2025-05-23T12:55:03+00:00\",\"description\":\"Kostenlose Online-Trainings (argoTraining) f\u00fcr unsere Produkte inklusive Zertifizierungsm\u00f6glichkeit.\",\"breadcrumb\":{\"@id\":\"https:\\\/\\\/argonics.de\\\/argotraining\\\/#breadcrumb\"},\"inLanguage\":\"en-GB\",\"potentialAction\":[{\"@type\":\"ReadAction\",\"target\":[\"https:\\\/\\\/argonics.de\\\/argotraining\\\/\"]}]},{\"@type\":\"ImageObject\",\"inLanguage\":\"en-GB\",\"@id\":\"https:\\\/\\\/argonics.de\\\/argotraining\\\/#primaryimage\",\"url\":\"http:\\\/\\\/trackpilot.eu\\\/wp-content\\\/uploads\\\/2023\\\/08\\\/Europa_Fluesse_all_Zuschnitt.png\",\"contentUrl\":\"http:\\\/\\\/trackpilot.eu\\\/wp-content\\\/uploads\\\/2023\\\/08\\\/Europa_Fluesse_all_Zuschnitt.png\"},{\"@type\":\"BreadcrumbList\",\"@id\":\"https:\\\/\\\/argonics.de\\\/argotraining\\\/#breadcrumb\",\"itemListElement\":[{\"@type\":\"ListItem\",\"position\":1,\"name\":\"Startseite\",\"item\":\"https:\\\/\\\/argonics.de\\\/\"},{\"@type\":\"ListItem\",\"position\":2,\"name\":\"argoTraining\"}]},{\"@type\":\"WebSite\",\"@id\":\"https:\\\/\\\/argonics.de\\\/#website\",\"url\":\"https:\\\/\\\/argonics.de\\\/\",\"name\":\"argonics\",\"description\":\"Die Experten im Bereich Automatisierung in der Binnenschifffahrt \u2013 Trackpilot, Dynamic Positioning und mehr\",\"publisher\":{\"@id\":\"https:\\\/\\\/argonics.de\\\/#organization\"},\"potentialAction\":[{\"@type\":\"SearchAction\",\"target\":{\"@type\":\"EntryPoint\",\"urlTemplate\":\"https:\\\/\\\/argonics.de\\\/?s={search_term_string}\"},\"query-input\":{\"@type\":\"PropertyValueSpecification\",\"valueRequired\":true,\"valueName\":\"search_term_string\"}}],\"inLanguage\":\"en-GB\"},{\"@type\":\"Organization\",\"@id\":\"https:\\\/\\\/argonics.de\\\/#organization\",\"name\":\"Argonics GmbH\",\"alternateName\":\"argonics\",\"url\":\"https:\\\/\\\/argonics.de\\\/\",\"logo\":{\"@type\":\"ImageObject\",\"inLanguage\":\"en-GB\",\"@id\":\"https:\\\/\\\/argonics.de\\\/#\\\/schema\\\/logo\\\/image\\\/\",\"url\":\"https:\\\/\\\/argonics.de\\\/wp-content\\\/uploads\\\/2024\\\/07\\\/Logo_argonics_RGB.png\",\"contentUrl\":\"https:\\\/\\\/argonics.de\\\/wp-content\\\/uploads\\\/2024\\\/07\\\/Logo_argonics_RGB.png\",\"width\":1179,\"height\":298,\"caption\":\"Argonics GmbH\"},\"image\":{\"@id\":\"https:\\\/\\\/argonics.de\\\/#\\\/schema\\\/logo\\\/image\\\/\"},\"sameAs\":[\"https:\\\/\\\/www.facebook.com\\\/profile.php?id=100091430529763\",\"https:\\\/\\\/www.linkedin.com\\\/company\\\/94261407\"]}]}<\/script>\n<!-- \/ Yoast SEO plugin. -->","yoast_head_json":{"title":"argoTraining &#8211; argonics","description":"Kostenlose Online-Trainings (argoTraining) f\u00fcr unsere Produkte inklusive Zertifizierungsm\u00f6glichkeit.","robots":{"index":"index","follow":"follow","max-snippet":"max-snippet:-1","max-image-preview":"max-image-preview:large","max-video-preview":"max-video-preview:-1"},"canonical":"https:\/\/argonics.de\/en\/argotraining\/","og_locale":"en_GB","og_type":"article","og_title":"argoTraining &#8211; argonics","og_description":"Kostenlose Online-Trainings (argoTraining) f\u00fcr unsere Produkte inklusive Zertifizierungsm\u00f6glichkeit.","og_url":"https:\/\/argonics.de\/en\/argotraining\/","og_site_name":"argonics","article_publisher":"https:\/\/www.facebook.com\/profile.php?id=100091430529763","article_modified_time":"2025-05-23T12:55:03+00:00","og_image":[{"width":6157,"height":2000,"url":"https:\/\/argonics.de\/wp-content\/uploads\/2023\/08\/Europa_Fluesse_all_Zuschnitt.png","type":"image\/png"}],"twitter_card":"summary_large_image","schema":{"@context":"https:\/\/schema.org","@graph":[{"@type":"WebPage","@id":"https:\/\/argonics.de\/argotraining\/","url":"https:\/\/argonics.de\/argotraining\/","name":"argoTraining &#8211; argonics","isPartOf":{"@id":"https:\/\/argonics.de\/#website"},"primaryImageOfPage":{"@id":"https:\/\/argonics.de\/argotraining\/#primaryimage"},"image":{"@id":"https:\/\/argonics.de\/argotraining\/#primaryimage"},"thumbnailUrl":"http:\/\/trackpilot.eu\/wp-content\/uploads\/2023\/08\/Europa_Fluesse_all_Zuschnitt.png","datePublished":"2023-05-26T08:50:26+00:00","dateModified":"2025-05-23T12:55:03+00:00","description":"Kostenlose Online-Trainings (argoTraining) f\u00fcr unsere Produkte inklusive Zertifizierungsm\u00f6glichkeit.","breadcrumb":{"@id":"https:\/\/argonics.de\/argotraining\/#breadcrumb"},"inLanguage":"en-GB","potentialAction":[{"@type":"ReadAction","target":["https:\/\/argonics.de\/argotraining\/"]}]},{"@type":"ImageObject","inLanguage":"en-GB","@id":"https:\/\/argonics.de\/argotraining\/#primaryimage","url":"http:\/\/trackpilot.eu\/wp-content\/uploads\/2023\/08\/Europa_Fluesse_all_Zuschnitt.png","contentUrl":"http:\/\/trackpilot.eu\/wp-content\/uploads\/2023\/08\/Europa_Fluesse_all_Zuschnitt.png"},{"@type":"BreadcrumbList","@id":"https:\/\/argonics.de\/argotraining\/#breadcrumb","itemListElement":[{"@type":"ListItem","position":1,"name":"Startseite","item":"https:\/\/argonics.de\/"},{"@type":"ListItem","position":2,"name":"argoTraining"}]},{"@type":"WebSite","@id":"https:\/\/argonics.de\/#website","url":"https:\/\/argonics.de\/","name":"argonics","description":"Die Experten im Bereich Automatisierung in der Binnenschifffahrt \u2013 Trackpilot, Dynamic Positioning und mehr","publisher":{"@id":"https:\/\/argonics.de\/#organization"},"potentialAction":[{"@type":"SearchAction","target":{"@type":"EntryPoint","urlTemplate":"https:\/\/argonics.de\/?s={search_term_string}"},"query-input":{"@type":"PropertyValueSpecification","valueRequired":true,"valueName":"search_term_string"}}],"inLanguage":"en-GB"},{"@type":"Organization","@id":"https:\/\/argonics.de\/#organization","name":"Argonics GmbH","alternateName":"argonics","url":"https:\/\/argonics.de\/","logo":{"@type":"ImageObject","inLanguage":"en-GB","@id":"https:\/\/argonics.de\/#\/schema\/logo\/image\/","url":"https:\/\/argonics.de\/wp-content\/uploads\/2024\/07\/Logo_argonics_RGB.png","contentUrl":"https:\/\/argonics.de\/wp-content\/uploads\/2024\/07\/Logo_argonics_RGB.png","width":1179,"height":298,"caption":"Argonics GmbH"},"image":{"@id":"https:\/\/argonics.de\/#\/schema\/logo\/image\/"},"sameAs":["https:\/\/www.facebook.com\/profile.php?id=100091430529763","https:\/\/www.linkedin.com\/company\/94261407"]}]}},"_links":{"self":[{"href":"https:\/\/argonics.de\/en\/wp-json\/wp\/v2\/pages\/2419","targetHints":{"allow":["GET"]}}],"collection":[{"href":"https:\/\/argonics.de\/en\/wp-json\/wp\/v2\/pages"}],"about":[{"href":"https:\/\/argonics.de\/en\/wp-json\/wp\/v2\/types\/page"}],"author":[{"embeddable":true,"href":"https:\/\/argonics.de\/en\/wp-json\/wp\/v2\/users\/1"}],"replies":[{"embeddable":true,"href":"https:\/\/argonics.de\/en\/wp-json\/wp\/v2\/comments?post=2419"}],"version-history":[{"count":6,"href":"https:\/\/argonics.de\/en\/wp-json\/wp\/v2\/pages\/2419\/revisions"}],"predecessor-version":[{"id":5761,"href":"https:\/\/argonics.de\/en\/wp-json\/wp\/v2\/pages\/2419\/revisions\/5761"}],"wp:attachment":[{"href":"https:\/\/argonics.de\/en\/wp-json\/wp\/v2\/media?parent=2419"}],"curies":[{"name":"wp","href":"https:\/\/api.w.org\/{rel}","templated":true}]}}