{"id":11,"date":"2023-05-26T08:50:26","date_gmt":"2023-05-26T08:50:26","guid":{"rendered":"http:\/\/trackpilot.eu\/?page_id=11"},"modified":"2025-07-07T09:04:04","modified_gmt":"2025-07-07T09:04:04","slug":"kontakt","status":"publish","type":"page","link":"https:\/\/argonics.de\/nl\/kontakt\/","title":{"rendered":"Contact"},"content":{"rendered":"<div class=\"wp-block-cover alignfull is-light\" style=\"min-height:400px;aspect-ratio:unset;\"><img loading=\"lazy\" decoding=\"async\" width=\"6157\" height=\"2000\" class=\"wp-block-cover__image-background wp-image-1567\" alt=\"\" src=\"http:\/\/trackpilot.eu\/wp-content\/uploads\/2023\/08\/Europa_Fluesse_all_Zuschnitt.png\" data-object-fit=\"cover\" srcset=\"https:\/\/argonics.de\/wp-content\/uploads\/2023\/08\/Europa_Fluesse_all_Zuschnitt.png 6157w, https:\/\/argonics.de\/wp-content\/uploads\/2023\/08\/Europa_Fluesse_all_Zuschnitt-300x97.png 300w, https:\/\/argonics.de\/wp-content\/uploads\/2023\/08\/Europa_Fluesse_all_Zuschnitt-1024x333.png 1024w, https:\/\/argonics.de\/wp-content\/uploads\/2023\/08\/Europa_Fluesse_all_Zuschnitt-768x249.png 768w, https:\/\/argonics.de\/wp-content\/uploads\/2023\/08\/Europa_Fluesse_all_Zuschnitt-1536x499.png 1536w, https:\/\/argonics.de\/wp-content\/uploads\/2023\/08\/Europa_Fluesse_all_Zuschnitt-2048x665.png 2048w, https:\/\/argonics.de\/wp-content\/uploads\/2023\/08\/Europa_Fluesse_all_Zuschnitt-18x6.png 18w\" sizes=\"auto, (max-width: 6157px) 100vw, 6157px\" \/><span aria-hidden=\"true\" class=\"wp-block-cover__background has-background-dim\"><\/span><div class=\"wp-block-cover__inner-container is-layout-flow wp-block-cover-is-layout-flow\">\n<p class=\"has-text-align-center has-medium-font-size\"><\/p>\n<\/div><\/div>\n\n\n\n<h2 class=\"wp-block-heading has-text-align-left\">Contact<\/h2>\n\n\n\n<div class=\"wp-block-columns is-layout-flex wp-container-core-columns-is-layout-28f84493 wp-block-columns-is-layout-flex\">\n<div class=\"wp-block-column is-layout-flow wp-block-column-is-layout-flow\"><\/div>\n<\/div>\n\n\n\n<div class=\"wp-block-columns is-layout-flex wp-container-core-columns-is-layout-9c22b1e3 wp-block-columns-is-layout-flex\">\n<div class=\"wp-block-column contact-column is-layout-flow wp-block-column-is-layout-flow\" style=\"flex-basis:60%\">\n<div class=\"wp-block-columns is-not-stacked-on-mobile is-layout-flex wp-container-core-columns-is-layout-28f84493 wp-block-columns-is-layout-flex\">\n<div class=\"wp-block-column is-vertically-aligned-center is-layout-flow wp-block-column-is-layout-flow\" style=\"flex-basis:15%\">\n<figure class=\"wp-block-image size-full contact-icon\"><img loading=\"lazy\" decoding=\"async\" width=\"251\" height=\"251\" src=\"https:\/\/argonics.de\/wp-content\/uploads\/2024\/07\/symbol_argoSupport.png\" alt=\"\" class=\"wp-image-3639\" srcset=\"https:\/\/argonics.de\/wp-content\/uploads\/2024\/07\/symbol_argoSupport.png 251w, https:\/\/argonics.de\/wp-content\/uploads\/2024\/07\/symbol_argoSupport-150x150.png 150w, https:\/\/argonics.de\/wp-content\/uploads\/2024\/07\/symbol_argoSupport-12x12.png 12w\" sizes=\"auto, (max-width: 251px) 100vw, 251px\" \/><\/figure>\n<\/div>\n\n\n\n<div class=\"wp-block-column is-vertically-aligned-center is-layout-flow wp-block-column-is-layout-flow\" style=\"flex-basis:75%\">\n<p><strong>Support <\/strong><br><strong>+49 711 \/ 25253721<\/strong><br><strong><a href=\"mailto:support@argonics.de\">support@argonics.de<\/a><\/strong><\/p>\n<\/div>\n<\/div>\n\n\n\n<div class=\"wp-block-columns is-not-stacked-on-mobile is-layout-flex wp-container-core-columns-is-layout-28f84493 wp-block-columns-is-layout-flex\">\n<div class=\"wp-block-column is-vertically-aligned-center is-layout-flow wp-block-column-is-layout-flow\" style=\"flex-basis:15%\">\n<figure class=\"wp-block-image size-full contact-icon\"><img loading=\"lazy\" decoding=\"async\" width=\"237\" height=\"237\" src=\"https:\/\/argonics.de\/wp-content\/uploads\/2024\/07\/symbol_location.png\" alt=\"\" class=\"wp-image-3637\" srcset=\"https:\/\/argonics.de\/wp-content\/uploads\/2024\/07\/symbol_location.png 237w, https:\/\/argonics.de\/wp-content\/uploads\/2024\/07\/symbol_location-150x150.png 150w, https:\/\/argonics.de\/wp-content\/uploads\/2024\/07\/symbol_location-12x12.png 12w\" sizes=\"auto, (max-width: 237px) 100vw, 237px\" \/><\/figure>\n<\/div>\n\n\n\n<div class=\"wp-block-column is-layout-flow wp-block-column-is-layout-flow\" style=\"flex-basis:75%\">\n<p><strong>Kantoor- en leveringsadres<\/strong>:<br>Argonics GmbH<br>He\u00dfbr\u00fchlstra\u00dfe 21D<br>70565 Stuttgart<\/p>\n<\/div>\n<\/div>\n\n\n\n<div class=\"wp-block-columns is-not-stacked-on-mobile is-layout-flex wp-container-core-columns-is-layout-28f84493 wp-block-columns-is-layout-flex\">\n<div class=\"wp-block-column is-vertically-aligned-center is-layout-flow wp-block-column-is-layout-flow\" style=\"flex-basis:15%\">\n<figure class=\"wp-block-image size-full contact-icon\"><img loading=\"lazy\" decoding=\"async\" width=\"250\" height=\"250\" src=\"https:\/\/argonics.de\/wp-content\/uploads\/2024\/07\/symbol_Kontakt.png\" alt=\"\" class=\"wp-image-3638\" srcset=\"https:\/\/argonics.de\/wp-content\/uploads\/2024\/07\/symbol_Kontakt.png 250w, https:\/\/argonics.de\/wp-content\/uploads\/2024\/07\/symbol_Kontakt-150x150.png 150w, https:\/\/argonics.de\/wp-content\/uploads\/2024\/07\/symbol_Kontakt-12x12.png 12w\" sizes=\"auto, (max-width: 250px) 100vw, 250px\" \/><\/figure>\n<\/div>\n\n\n\n<div class=\"wp-block-column is-vertically-aligned-center is-layout-flow wp-block-column-is-layout-flow\" style=\"flex-basis:75%\">\n<p>Telefoon: +49 711 \/ 25253720<br>E-mail\u00a0<a href=\"mailto:info@argonics.de\">info@argonics.de<\/a><\/p>\n\n\n\n<p class=\"translation-block\">Wilt u meer weten over Argonics?<br>Meld u <a href=\"https:\/\/argonics.de\/nl\/news\/newsletter\/\" target=\"_self\">hier<\/a> aan voor onze nieuwsbrief!<\/p>\n<\/div>\n<\/div>\n<\/div>\n\n\n\n<div class=\"wp-block-column is-layout-flow wp-container-core-column-is-layout-8a368f38 wp-block-column-is-layout-flow\" style=\"flex-basis:40%\">\n<iframe src=\"https:\/\/www.google.com\/maps\/embed?pb=!1m18!1m12!1m3!1d704.4205214163135!2d9.113380245684718!3d48.72403299839107!2m3!1f0!2f0!3f0!3m2!1i1024!2i768!4f13.1!3m3!1m2!1s0x4799dc4171615149%3A0x4580bc8da7bd8fb1!2sArgonics%20GmbH!5e0!3m2!1sen!2sde!4v1689863778642!5m2!1sen!2sde\" width=\"600\" height=\"450\" style=\"border:0;\" allowfullscreen=\"\" loading=\"lazy\" referrerpolicy=\"no-referrer-when-downgrade\"><\/iframe>\n<\/div>\n<\/div>\n\n\n\n<div style=\"height:100px\" aria-hidden=\"true\" class=\"wp-block-spacer\"><\/div>","protected":false},"excerpt":{"rendered":"<p>Kontakt Support +49 711 \/ 25253721support@argonics.de B\u00fcro- und Lieferadresse:Argonics GmbHHe\u00dfbr\u00fchlstra\u00dfe 21D70565 Stuttgart Telefon: +49 711 \/ 25253720E-Mail:\u00a0info@argonics.de Sie m\u00f6chten mehr \u00fcber argonics erfahren?Melden Sie sich hier zu unserem Newsletter an!<\/p>","protected":false},"author":1,"featured_media":0,"parent":0,"menu_order":0,"comment_status":"closed","ping_status":"closed","template":"","meta":{"footnotes":""},"class_list":["post-11","page","type-page","status-publish","hentry"],"blocksy_meta":{"has_hero_section":"disabled"},"yoast_head":"<!-- This site is optimized with the Yoast SEO plugin v27.3 - https:\/\/yoast.com\/product\/yoast-seo-wordpress\/ -->\n<title>Kontakt &#8211; argonics<\/title>\n<meta name=\"description\" content=\"So finden Sie uns in Stuttgart. Argonics GmbH | He\u00dfbr\u00fchlstra\u00dfe 21D | 70565 Stuttgart\" \/>\n<meta name=\"robots\" content=\"index, follow, max-snippet:-1, max-image-preview:large, max-video-preview:-1\" \/>\n<link rel=\"canonical\" href=\"https:\/\/argonics.de\/nl\/kontakt\/\" \/>\n<meta property=\"og:locale\" content=\"nl_NL\" \/>\n<meta property=\"og:type\" content=\"article\" \/>\n<meta property=\"og:title\" content=\"Kontakt &#8211; argonics\" \/>\n<meta property=\"og:description\" content=\"So finden Sie uns in Stuttgart. Argonics GmbH | He\u00dfbr\u00fchlstra\u00dfe 21D | 70565 Stuttgart\" \/>\n<meta property=\"og:url\" content=\"https:\/\/argonics.de\/nl\/kontakt\/\" \/>\n<meta property=\"og:site_name\" content=\"argonics\" \/>\n<meta property=\"article:publisher\" content=\"https:\/\/www.facebook.com\/profile.php?id=100091430529763\" \/>\n<meta property=\"article:modified_time\" content=\"2025-07-07T09:04:04+00:00\" \/>\n<meta property=\"og:image\" content=\"https:\/\/argonics.de\/wp-content\/uploads\/2023\/08\/Europa_Fluesse_all_Zuschnitt.png\" \/>\n\t<meta property=\"og:image:width\" content=\"6157\" \/>\n\t<meta property=\"og:image:height\" content=\"2000\" \/>\n\t<meta property=\"og:image:type\" content=\"image\/png\" \/>\n<meta name=\"twitter:card\" content=\"summary_large_image\" \/>\n<script type=\"application\/ld+json\" class=\"yoast-schema-graph\">{\"@context\":\"https:\\\/\\\/schema.org\",\"@graph\":[{\"@type\":\"WebPage\",\"@id\":\"https:\\\/\\\/argonics.de\\\/kontakt\\\/\",\"url\":\"https:\\\/\\\/argonics.de\\\/kontakt\\\/\",\"name\":\"Kontakt &#8211; argonics\",\"isPartOf\":{\"@id\":\"https:\\\/\\\/argonics.de\\\/#website\"},\"primaryImageOfPage\":{\"@id\":\"https:\\\/\\\/argonics.de\\\/kontakt\\\/#primaryimage\"},\"image\":{\"@id\":\"https:\\\/\\\/argonics.de\\\/kontakt\\\/#primaryimage\"},\"thumbnailUrl\":\"http:\\\/\\\/trackpilot.eu\\\/wp-content\\\/uploads\\\/2023\\\/08\\\/Europa_Fluesse_all_Zuschnitt.png\",\"datePublished\":\"2023-05-26T08:50:26+00:00\",\"dateModified\":\"2025-07-07T09:04:04+00:00\",\"description\":\"So finden Sie uns in Stuttgart. Argonics GmbH | He\u00dfbr\u00fchlstra\u00dfe 21D | 70565 Stuttgart\",\"breadcrumb\":{\"@id\":\"https:\\\/\\\/argonics.de\\\/kontakt\\\/#breadcrumb\"},\"inLanguage\":\"nl-NL\",\"potentialAction\":[{\"@type\":\"ReadAction\",\"target\":[\"https:\\\/\\\/argonics.de\\\/kontakt\\\/\"]}]},{\"@type\":\"ImageObject\",\"inLanguage\":\"nl-NL\",\"@id\":\"https:\\\/\\\/argonics.de\\\/kontakt\\\/#primaryimage\",\"url\":\"http:\\\/\\\/trackpilot.eu\\\/wp-content\\\/uploads\\\/2023\\\/08\\\/Europa_Fluesse_all_Zuschnitt.png\",\"contentUrl\":\"http:\\\/\\\/trackpilot.eu\\\/wp-content\\\/uploads\\\/2023\\\/08\\\/Europa_Fluesse_all_Zuschnitt.png\"},{\"@type\":\"BreadcrumbList\",\"@id\":\"https:\\\/\\\/argonics.de\\\/kontakt\\\/#breadcrumb\",\"itemListElement\":[{\"@type\":\"ListItem\",\"position\":1,\"name\":\"Startseite\",\"item\":\"https:\\\/\\\/argonics.de\\\/\"},{\"@type\":\"ListItem\",\"position\":2,\"name\":\"Kontakt\"}]},{\"@type\":\"WebSite\",\"@id\":\"https:\\\/\\\/argonics.de\\\/#website\",\"url\":\"https:\\\/\\\/argonics.de\\\/\",\"name\":\"argonics\",\"description\":\"Die Experten im Bereich Automatisierung in der Binnenschifffahrt \u2013 Trackpilot, Dynamic Positioning und mehr\",\"publisher\":{\"@id\":\"https:\\\/\\\/argonics.de\\\/#organization\"},\"potentialAction\":[{\"@type\":\"SearchAction\",\"target\":{\"@type\":\"EntryPoint\",\"urlTemplate\":\"https:\\\/\\\/argonics.de\\\/?s={search_term_string}\"},\"query-input\":{\"@type\":\"PropertyValueSpecification\",\"valueRequired\":true,\"valueName\":\"search_term_string\"}}],\"inLanguage\":\"nl-NL\"},{\"@type\":\"Organization\",\"@id\":\"https:\\\/\\\/argonics.de\\\/#organization\",\"name\":\"Argonics GmbH\",\"alternateName\":\"argonics\",\"url\":\"https:\\\/\\\/argonics.de\\\/\",\"logo\":{\"@type\":\"ImageObject\",\"inLanguage\":\"nl-NL\",\"@id\":\"https:\\\/\\\/argonics.de\\\/#\\\/schema\\\/logo\\\/image\\\/\",\"url\":\"https:\\\/\\\/argonics.de\\\/wp-content\\\/uploads\\\/2024\\\/07\\\/Logo_argonics_RGB.png\",\"contentUrl\":\"https:\\\/\\\/argonics.de\\\/wp-content\\\/uploads\\\/2024\\\/07\\\/Logo_argonics_RGB.png\",\"width\":1179,\"height\":298,\"caption\":\"Argonics GmbH\"},\"image\":{\"@id\":\"https:\\\/\\\/argonics.de\\\/#\\\/schema\\\/logo\\\/image\\\/\"},\"sameAs\":[\"https:\\\/\\\/www.facebook.com\\\/profile.php?id=100091430529763\",\"https:\\\/\\\/www.linkedin.com\\\/company\\\/94261407\"]}]}<\/script>\n<!-- \/ Yoast SEO plugin. -->","yoast_head_json":{"title":"Kontakt &#8211; argonics","description":"So finden Sie uns in Stuttgart. Argonics GmbH | He\u00dfbr\u00fchlstra\u00dfe 21D | 70565 Stuttgart","robots":{"index":"index","follow":"follow","max-snippet":"max-snippet:-1","max-image-preview":"max-image-preview:large","max-video-preview":"max-video-preview:-1"},"canonical":"https:\/\/argonics.de\/nl\/kontakt\/","og_locale":"nl_NL","og_type":"article","og_title":"Kontakt &#8211; argonics","og_description":"So finden Sie uns in Stuttgart. Argonics GmbH | He\u00dfbr\u00fchlstra\u00dfe 21D | 70565 Stuttgart","og_url":"https:\/\/argonics.de\/nl\/kontakt\/","og_site_name":"argonics","article_publisher":"https:\/\/www.facebook.com\/profile.php?id=100091430529763","article_modified_time":"2025-07-07T09:04:04+00:00","og_image":[{"width":6157,"height":2000,"url":"https:\/\/argonics.de\/wp-content\/uploads\/2023\/08\/Europa_Fluesse_all_Zuschnitt.png","type":"image\/png"}],"twitter_card":"summary_large_image","schema":{"@context":"https:\/\/schema.org","@graph":[{"@type":"WebPage","@id":"https:\/\/argonics.de\/kontakt\/","url":"https:\/\/argonics.de\/kontakt\/","name":"Kontakt &#8211; argonics","isPartOf":{"@id":"https:\/\/argonics.de\/#website"},"primaryImageOfPage":{"@id":"https:\/\/argonics.de\/kontakt\/#primaryimage"},"image":{"@id":"https:\/\/argonics.de\/kontakt\/#primaryimage"},"thumbnailUrl":"http:\/\/trackpilot.eu\/wp-content\/uploads\/2023\/08\/Europa_Fluesse_all_Zuschnitt.png","datePublished":"2023-05-26T08:50:26+00:00","dateModified":"2025-07-07T09:04:04+00:00","description":"So finden Sie uns in Stuttgart. Argonics GmbH | He\u00dfbr\u00fchlstra\u00dfe 21D | 70565 Stuttgart","breadcrumb":{"@id":"https:\/\/argonics.de\/kontakt\/#breadcrumb"},"inLanguage":"nl-NL","potentialAction":[{"@type":"ReadAction","target":["https:\/\/argonics.de\/kontakt\/"]}]},{"@type":"ImageObject","inLanguage":"nl-NL","@id":"https:\/\/argonics.de\/kontakt\/#primaryimage","url":"http:\/\/trackpilot.eu\/wp-content\/uploads\/2023\/08\/Europa_Fluesse_all_Zuschnitt.png","contentUrl":"http:\/\/trackpilot.eu\/wp-content\/uploads\/2023\/08\/Europa_Fluesse_all_Zuschnitt.png"},{"@type":"BreadcrumbList","@id":"https:\/\/argonics.de\/kontakt\/#breadcrumb","itemListElement":[{"@type":"ListItem","position":1,"name":"Startseite","item":"https:\/\/argonics.de\/"},{"@type":"ListItem","position":2,"name":"Kontakt"}]},{"@type":"WebSite","@id":"https:\/\/argonics.de\/#website","url":"https:\/\/argonics.de\/","name":"argonics","description":"Die Experten im Bereich Automatisierung in der Binnenschifffahrt \u2013 Trackpilot, Dynamic Positioning und mehr","publisher":{"@id":"https:\/\/argonics.de\/#organization"},"potentialAction":[{"@type":"SearchAction","target":{"@type":"EntryPoint","urlTemplate":"https:\/\/argonics.de\/?s={search_term_string}"},"query-input":{"@type":"PropertyValueSpecification","valueRequired":true,"valueName":"search_term_string"}}],"inLanguage":"nl-NL"},{"@type":"Organization","@id":"https:\/\/argonics.de\/#organization","name":"Argonics GmbH","alternateName":"argonics","url":"https:\/\/argonics.de\/","logo":{"@type":"ImageObject","inLanguage":"nl-NL","@id":"https:\/\/argonics.de\/#\/schema\/logo\/image\/","url":"https:\/\/argonics.de\/wp-content\/uploads\/2024\/07\/Logo_argonics_RGB.png","contentUrl":"https:\/\/argonics.de\/wp-content\/uploads\/2024\/07\/Logo_argonics_RGB.png","width":1179,"height":298,"caption":"Argonics GmbH"},"image":{"@id":"https:\/\/argonics.de\/#\/schema\/logo\/image\/"},"sameAs":["https:\/\/www.facebook.com\/profile.php?id=100091430529763","https:\/\/www.linkedin.com\/company\/94261407"]}]}},"_links":{"self":[{"href":"https:\/\/argonics.de\/nl\/wp-json\/wp\/v2\/pages\/11","targetHints":{"allow":["GET"]}}],"collection":[{"href":"https:\/\/argonics.de\/nl\/wp-json\/wp\/v2\/pages"}],"about":[{"href":"https:\/\/argonics.de\/nl\/wp-json\/wp\/v2\/types\/page"}],"author":[{"embeddable":true,"href":"https:\/\/argonics.de\/nl\/wp-json\/wp\/v2\/users\/1"}],"replies":[{"embeddable":true,"href":"https:\/\/argonics.de\/nl\/wp-json\/wp\/v2\/comments?post=11"}],"version-history":[{"count":9,"href":"https:\/\/argonics.de\/nl\/wp-json\/wp\/v2\/pages\/11\/revisions"}],"predecessor-version":[{"id":5853,"href":"https:\/\/argonics.de\/nl\/wp-json\/wp\/v2\/pages\/11\/revisions\/5853"}],"wp:attachment":[{"href":"https:\/\/argonics.de\/nl\/wp-json\/wp\/v2\/media?parent=11"}],"curies":[{"name":"wp","href":"https:\/\/api.w.org\/{rel}","templated":true}]}}