{"id":3090,"date":"2024-06-01T13:00:09","date_gmt":"2024-06-01T13:00:09","guid":{"rendered":"https:\/\/argonics.de\/?page_id=3090"},"modified":"2024-10-30T10:00:18","modified_gmt":"2024-10-30T10:00:18","slug":"foerderung","status":"publish","type":"page","link":"https:\/\/argonics.de\/nl\/foerderung\/","title":{"rendered":"Subsidie"},"content":{"rendered":"<div class=\"wp-block-cover alignfull\"><span aria-hidden=\"true\" class=\"wp-block-cover__background has-background-dim\"><\/span><img loading=\"lazy\" decoding=\"async\" width=\"6157\" height=\"2000\" class=\"wp-block-cover__image-background wp-image-1567\" alt=\"\" src=\"https:\/\/argonics.de\/wp-content\/uploads\/2023\/08\/Europa_Fluesse_all_Zuschnitt.png\" data-object-fit=\"cover\" srcset=\"https:\/\/argonics.de\/wp-content\/uploads\/2023\/08\/Europa_Fluesse_all_Zuschnitt.png 6157w, https:\/\/argonics.de\/wp-content\/uploads\/2023\/08\/Europa_Fluesse_all_Zuschnitt-300x97.png 300w, https:\/\/argonics.de\/wp-content\/uploads\/2023\/08\/Europa_Fluesse_all_Zuschnitt-1024x333.png 1024w, https:\/\/argonics.de\/wp-content\/uploads\/2023\/08\/Europa_Fluesse_all_Zuschnitt-768x249.png 768w, https:\/\/argonics.de\/wp-content\/uploads\/2023\/08\/Europa_Fluesse_all_Zuschnitt-1536x499.png 1536w, https:\/\/argonics.de\/wp-content\/uploads\/2023\/08\/Europa_Fluesse_all_Zuschnitt-2048x665.png 2048w, https:\/\/argonics.de\/wp-content\/uploads\/2023\/08\/Europa_Fluesse_all_Zuschnitt-18x6.png 18w\" sizes=\"auto, (max-width: 6157px) 100vw, 6157px\" \/><div class=\"wp-block-cover__inner-container is-layout-constrained wp-block-cover-is-layout-constrained\">\n<p class=\"has-text-align-center has-large-font-size\"><\/p>\n<\/div><\/div>\n\n\n\n<div class=\"wp-block-columns is-layout-flex wp-container-core-columns-is-layout-28232c24 wp-block-columns-is-layout-flex\">\n<div class=\"wp-block-column is-vertically-aligned-center is-layout-flow wp-block-column-is-layout-flow\" style=\"flex-basis:100%\">\n<h2 class=\"wp-block-heading\">Subsidie mogelijkheden voor de Duitse markt<\/h2>\n<\/div>\n<\/div>\n\n\n\n<h3 class=\"wp-block-heading\">Product: argoTrackPilot<\/h3>\n\n\n\n<div class=\"wp-block-columns is-layout-flex wp-container-core-columns-is-layout-28f84493 wp-block-columns-is-layout-flex\">\n<div class=\"wp-block-column is-layout-flow wp-block-column-is-layout-flow\" style=\"border-style:none;border-width:0px;padding-top:0;padding-right:0;padding-bottom:0;padding-left:0;flex-basis:65%\">\n<hr class=\"wp-block-separator has-text-color has-palette-color-1-color has-alpha-channel-opacity has-palette-color-1-background-color has-background is-style-wide\"\/>\n\n\n\n<p class=\"has-medium-font-size\"><strong>+++ Opmerking +++<\/strong><br>De argoTrackPilot is op elk moment subsidiabel. Dankzij de geldende \"Richtlijn voor de subsidi\u00ebring van de duurzame modernisering van binnenschipen\" kan de subsidie op elk moment worden aangevraagd.<\/p>\n\n\n\n<hr class=\"wp-block-separator has-text-color has-palette-color-1-color has-alpha-channel-opacity has-palette-color-1-background-color has-background is-style-wide\"\/>\n<\/div>\n\n\n\n<div class=\"wp-block-column is-layout-flow wp-block-column-is-layout-flow\" style=\"flex-basis:50%\">\n<figure class=\"wp-block-image size-large is-resized\"><img loading=\"lazy\" decoding=\"async\" width=\"1024\" height=\"728\" src=\"https:\/\/argonics.de\/wp-content\/uploads\/2023\/10\/argoTrackPilot_V3-0__h_s-1024x728.png\" alt=\"\" class=\"wp-image-2048\" style=\"width:277px;height:auto\" srcset=\"https:\/\/argonics.de\/wp-content\/uploads\/2023\/10\/argoTrackPilot_V3-0__h_s-1024x728.png 1024w, https:\/\/argonics.de\/wp-content\/uploads\/2023\/10\/argoTrackPilot_V3-0__h_s-300x213.png 300w, https:\/\/argonics.de\/wp-content\/uploads\/2023\/10\/argoTrackPilot_V3-0__h_s-768x546.png 768w, https:\/\/argonics.de\/wp-content\/uploads\/2023\/10\/argoTrackPilot_V3-0__h_s-18x12.png 18w, https:\/\/argonics.de\/wp-content\/uploads\/2023\/10\/argoTrackPilot_V3-0__h_s.png 1363w\" sizes=\"auto, (max-width: 1024px) 100vw, 1024px\" \/><\/figure>\n<\/div>\n<\/div>\n\n\n\n<div style=\"height:5px\" aria-hidden=\"true\" class=\"wp-block-spacer\"><\/div>\n\n\n\n<div class=\"wp-block-columns is-layout-flex wp-container-core-columns-is-layout-28f84493 wp-block-columns-is-layout-flex\">\n<div class=\"wp-block-column is-layout-flow wp-block-column-is-layout-flow\" style=\"flex-basis:70%\">\n<p class=\"has-medium-font-size translation-block\">De subsidie voor de duurzame modernisering van binnenschipen door het Federale Ministerie voor Digitale Zaken en Verkeer is <strong>tot eind 2026<\/strong> verlengd. <br>De argoTrackPilot is sinds het begin van de subsidiemaatregelen al meer dan 100 keer gesubsidieerd.<\/p>\n\n\n\n<div class=\"wp-block-buttons is-content-justification-left is-nowrap is-layout-flex wp-container-core-buttons-is-layout-92e17da2 wp-block-buttons-is-layout-flex\">\n<div class=\"wp-block-button\"><a class=\"wp-block-button__link wp-element-button\" href=\"https:\/\/argonics.de\/wp-content\/uploads\/2024\/06\/argoTrackPilot_Beiblatt_v2_online.pdf\" style=\"border-radius:50px\">Infoflyer (DE)<\/a><\/div>\n<\/div>\n<\/div>\n\n\n\n<div class=\"wp-block-column is-layout-flow wp-block-column-is-layout-flow\" style=\"flex-basis:15%\"><\/div>\n<\/div>\n\n\n\n<div style=\"height:12px\" aria-hidden=\"true\" class=\"wp-block-spacer\"><\/div>\n\n\n\n<div class=\"wp-block-columns is-layout-flex wp-container-core-columns-is-layout-28f84493 wp-block-columns-is-layout-flex\">\n<div class=\"wp-block-column is-layout-flow wp-block-column-is-layout-flow\" style=\"flex-basis:55%\">\n<figure class=\"wp-block-image aligncenter size-full is-resized\"><img loading=\"lazy\" decoding=\"async\" width=\"1678\" height=\"594\" src=\"https:\/\/argonics.de\/wp-content\/uploads\/2024\/06\/Bildschirmfoto-2024-06-17-um-17.02.33.png\" alt=\"\" class=\"wp-image-3200\" style=\"width:680px\" srcset=\"https:\/\/argonics.de\/wp-content\/uploads\/2024\/06\/Bildschirmfoto-2024-06-17-um-17.02.33.png 1678w, https:\/\/argonics.de\/wp-content\/uploads\/2024\/06\/Bildschirmfoto-2024-06-17-um-17.02.33-300x106.png 300w, https:\/\/argonics.de\/wp-content\/uploads\/2024\/06\/Bildschirmfoto-2024-06-17-um-17.02.33-1024x362.png 1024w, https:\/\/argonics.de\/wp-content\/uploads\/2024\/06\/Bildschirmfoto-2024-06-17-um-17.02.33-768x272.png 768w, https:\/\/argonics.de\/wp-content\/uploads\/2024\/06\/Bildschirmfoto-2024-06-17-um-17.02.33-1536x544.png 1536w, https:\/\/argonics.de\/wp-content\/uploads\/2024\/06\/Bildschirmfoto-2024-06-17-um-17.02.33-18x6.png 18w\" sizes=\"auto, (max-width: 1678px) 100vw, 1678px\" \/><\/figure>\n<\/div>\n\n\n\n<div class=\"wp-block-column is-vertically-aligned-center is-layout-flow wp-block-column-is-layout-flow\" style=\"flex-basis:20%\">\n<figure class=\"wp-block-image aligncenter size-full is-resized has-custom-border\"><img loading=\"lazy\" decoding=\"async\" width=\"3493\" height=\"3492\" src=\"https:\/\/argonics.de\/wp-content\/uploads\/2023\/10\/Otter_Tasse-edited.png\" alt=\"\" class=\"wp-image-2041\" style=\"border-radius:100px;width:170px\" srcset=\"https:\/\/argonics.de\/wp-content\/uploads\/2023\/10\/Otter_Tasse-edited.png 3493w, https:\/\/argonics.de\/wp-content\/uploads\/2023\/10\/Otter_Tasse-edited-300x300.png 300w, https:\/\/argonics.de\/wp-content\/uploads\/2023\/10\/Otter_Tasse-edited-1024x1024.png 1024w, https:\/\/argonics.de\/wp-content\/uploads\/2023\/10\/Otter_Tasse-edited-150x150.png 150w, https:\/\/argonics.de\/wp-content\/uploads\/2023\/10\/Otter_Tasse-edited-768x768.png 768w, https:\/\/argonics.de\/wp-content\/uploads\/2023\/10\/Otter_Tasse-edited-1536x1536.png 1536w, https:\/\/argonics.de\/wp-content\/uploads\/2023\/10\/Otter_Tasse-edited-2048x2048.png 2048w, https:\/\/argonics.de\/wp-content\/uploads\/2023\/10\/Otter_Tasse-edited-12x12.png 12w\" sizes=\"auto, (max-width: 3493px) 100vw, 3493px\" \/><\/figure>\n<\/div>\n<\/div>\n\n\n\n<div style=\"height:31px\" aria-hidden=\"true\" class=\"wp-block-spacer\"><\/div>\n\n\n\n<div class=\"wp-block-columns grey-box has-palette-color-6-background-color has-background is-layout-flex wp-container-core-columns-is-layout-28f84493 wp-block-columns-is-layout-flex\">\n<div class=\"wp-block-column is-layout-flow wp-block-column-is-layout-flow\" style=\"flex-basis:70%\">\n<p class=\"has-medium-font-size\"><strong>Alles op een rij<\/strong><\/p>\n\n\n\n<ul class=\"wp-block-list\">\n<li class=\"has-medium-font-size\">argoTrackPilot (trackleidingsysteem) is subsidiabel<\/li>\n\n\n\n<li class=\"has-medium-font-size\">Valt op in twee van de vereiste categorie\u00ebn volgens paragraaf 2.1 (voorheen 3.1.1.): <br>Effici\u00ebntieverbetering &amp; Verhoging van de veiligheid<\/li>\n\n\n\n<li class=\"has-medium-font-size translation-block\">Benodigde formulieren zijn te vinden op <a href=\"https:\/\/www.elwis.de\/DE\/Service\/Foerderprogramme\/Nachhaltige-Modernisierung-von-Binnenschiffen\/Massnahmen-Digitalisierung-Automatisierung\/Massnahmen-Digitalisierung-Automatisierung-node.html\" data-type=\"link\" data-id=\"https:\/\/www.elwis.de\/DE\/Service\/Foerderprogramme\/Nachhaltige-Modernisierung-von-Binnenschiffen\/Massnahmen-Digitalisierung-Automatisierung\/Massnahmen-Digitalisierung-Automatisierung-node.html\" class=\"underlined\" target=\"_self\">www.elwis.de<\/a>.<\/li>\n\n\n\n<li class=\"has-medium-font-size translation-block\">Hier vindt u de <a href=\"https:\/\/www.elwis.de\/DE\/Service\/Foerderprogramme\/Nachhaltige-Modernisierung-von-Binnenschiffen\/FAQ-Zuwendung-Vorhaben.html?nn=37401ff4-6a1d-461c-8cf2-0a810ad2b3e4\" data-type=\"link\" data-id=\"https:\/\/www.elwis.de\/DE\/Service\/Foerderprogramme\/Nachhaltige-Modernisierung-von-Binnenschiffen\/FAQ-Zuwendung-Vorhaben.html?nn=37401ff4-6a1d-461c-8cf2-0a810ad2b3e4\" class=\"underlined\" target=\"_self\">veelgestelde vragen (FAQ)<\/a>.<\/li>\n<\/ul>\n<\/div>\n\n\n\n<div class=\"wp-block-column is-layout-flow wp-block-column-is-layout-flow\" style=\"flex-basis:20%\"><\/div>\n<\/div>\n\n\n\n<div style=\"height:20px\" aria-hidden=\"true\" class=\"wp-block-spacer\"><\/div>\n\n\n\n<p class=\"has-medium-font-size\">De volgende punten kunt u opgeven bij de subsidieaanvraag:<\/p>\n\n\n\n<p class=\"small-head_little-space has-medium-font-size\"><strong>Effici\u00ebntieverbetering<\/strong><\/p>\n\n\n\n<ul class=\"wp-block-list\">\n<li class=\"has-medium-font-size\">Het minimaliseren van de roerbewegingen leidt tot een verminderd brandstofverbruik en minder slijtage van de roerinstallatie.<\/li>\n\n\n\n<li class=\"has-medium-font-size\">Bij automatische vaart langs onze geoptimaliseerde leidingen wordt de schipweerstand en daarmee het brandstofverbruik verder verminderd.<\/li>\n<\/ul>\n\n\n\n<p class=\"small-head_little-space has-medium-font-size\"><strong>Verhoging van de veiligheid<\/strong><\/p>\n\n\n\n<ul class=\"wp-block-list has-medium-font-size\">\n<li>Ook bij nacht- en mistvaart bereikt onze argoTrackPilot een constante en geringe spoorafwijking.<\/li>\n\n\n\n<li>De schipper wordt ontlast van vermoeiende routinetaken \u2013 hij kan zich concentreren op de monitoring.<\/li>\n<\/ul>\n\n\n\n<div style=\"height:100px\" aria-hidden=\"true\" class=\"wp-block-spacer\"><\/div>","protected":false},"excerpt":{"rendered":"<p>F\u00f6rderm\u00f6glichkeiten Produkt: argoTrackPilot (Bahnf\u00fchrungssystem) +++ Hinweis +++Der argoTrackPilot ist jederzeit f\u00f6rderf\u00e4hig. Dank der geltenden \u201eRichtlinie zur F\u00f6rderung der nachhaltigen Modernisierung von Binnenschiffen\u201c kann die F\u00f6rderung jederzeit beantragt werden. Die F\u00f6rderung zur nachhaltigen Modernisierung von Binnenschiffen durch das Bundesministeriums f\u00fcr Digitales und Verkehr wurde bis Ende 2026 verl\u00e4ngert.&nbsp;Der argoTrackPilot wurde seit Beginn der F\u00f6rderma\u00dfnahmen bereits mehr [&hellip;]<\/p>\n","protected":false},"author":1,"featured_media":0,"parent":0,"menu_order":0,"comment_status":"closed","ping_status":"closed","template":"","meta":{"footnotes":""},"class_list":["post-3090","page","type-page","status-publish","hentry"],"blocksy_meta":{"has_hero_section":"disabled"},"yoast_head":"<!-- This site is optimized with the Yoast SEO plugin v27.4 - https:\/\/yoast.com\/product\/yoast-seo-wordpress\/ -->\n<title>F\u00f6rderung &#8211; argonics<\/title>\n<meta name=\"description\" content=\"F\u00f6rderm\u00f6glichkeiten in der Binnenschifffahrt \u2013 Unser Bahnf\u00fchrungssystem (argoTrackPilot) ist weiterhin mit bis zu 80% f\u00f6rderbar.\" \/>\n<meta name=\"robots\" content=\"index, follow, max-snippet:-1, max-image-preview:large, max-video-preview:-1\" \/>\n<link rel=\"canonical\" href=\"https:\/\/argonics.de\/nl\/foerderung\/\" \/>\n<meta property=\"og:locale\" content=\"nl_NL\" \/>\n<meta property=\"og:type\" content=\"article\" \/>\n<meta property=\"og:title\" content=\"F\u00f6rderung &#8211; argonics\" \/>\n<meta property=\"og:description\" content=\"F\u00f6rderm\u00f6glichkeiten in der Binnenschifffahrt \u2013 Unser Bahnf\u00fchrungssystem (argoTrackPilot) ist weiterhin mit bis zu 80% f\u00f6rderbar.\" \/>\n<meta property=\"og:url\" content=\"https:\/\/argonics.de\/nl\/foerderung\/\" \/>\n<meta property=\"og:site_name\" content=\"argonics\" \/>\n<meta property=\"article:publisher\" content=\"https:\/\/www.facebook.com\/profile.php?id=100091430529763\" \/>\n<meta property=\"article:modified_time\" content=\"2024-10-30T10:00:18+00:00\" \/>\n<meta property=\"og:image\" content=\"https:\/\/argonics.de\/wp-content\/uploads\/2023\/08\/Europa_Fluesse_all_Zuschnitt.png\" \/>\n\t<meta property=\"og:image:width\" content=\"6157\" \/>\n\t<meta property=\"og:image:height\" content=\"2000\" \/>\n\t<meta property=\"og:image:type\" content=\"image\/png\" \/>\n<meta name=\"twitter:card\" content=\"summary_large_image\" \/>\n<script type=\"application\/ld+json\" class=\"yoast-schema-graph\">{\"@context\":\"https:\\\/\\\/schema.org\",\"@graph\":[{\"@type\":\"WebPage\",\"@id\":\"https:\\\/\\\/argonics.de\\\/foerderung\\\/\",\"url\":\"https:\\\/\\\/argonics.de\\\/foerderung\\\/\",\"name\":\"F\u00f6rderung &#8211; argonics\",\"isPartOf\":{\"@id\":\"https:\\\/\\\/argonics.de\\\/#website\"},\"primaryImageOfPage\":{\"@id\":\"https:\\\/\\\/argonics.de\\\/foerderung\\\/#primaryimage\"},\"image\":{\"@id\":\"https:\\\/\\\/argonics.de\\\/foerderung\\\/#primaryimage\"},\"thumbnailUrl\":\"https:\\\/\\\/argonics.de\\\/wp-content\\\/uploads\\\/2023\\\/08\\\/Europa_Fluesse_all_Zuschnitt.png\",\"datePublished\":\"2024-06-01T13:00:09+00:00\",\"dateModified\":\"2024-10-30T10:00:18+00:00\",\"description\":\"F\u00f6rderm\u00f6glichkeiten in der Binnenschifffahrt \u2013 Unser Bahnf\u00fchrungssystem (argoTrackPilot) ist weiterhin mit bis zu 80% f\u00f6rderbar.\",\"breadcrumb\":{\"@id\":\"https:\\\/\\\/argonics.de\\\/foerderung\\\/#breadcrumb\"},\"inLanguage\":\"nl-NL\",\"potentialAction\":[{\"@type\":\"ReadAction\",\"target\":[\"https:\\\/\\\/argonics.de\\\/foerderung\\\/\"]}]},{\"@type\":\"ImageObject\",\"inLanguage\":\"nl-NL\",\"@id\":\"https:\\\/\\\/argonics.de\\\/foerderung\\\/#primaryimage\",\"url\":\"https:\\\/\\\/argonics.de\\\/wp-content\\\/uploads\\\/2023\\\/08\\\/Europa_Fluesse_all_Zuschnitt.png\",\"contentUrl\":\"https:\\\/\\\/argonics.de\\\/wp-content\\\/uploads\\\/2023\\\/08\\\/Europa_Fluesse_all_Zuschnitt.png\"},{\"@type\":\"BreadcrumbList\",\"@id\":\"https:\\\/\\\/argonics.de\\\/foerderung\\\/#breadcrumb\",\"itemListElement\":[{\"@type\":\"ListItem\",\"position\":1,\"name\":\"Startseite\",\"item\":\"https:\\\/\\\/argonics.de\\\/\"},{\"@type\":\"ListItem\",\"position\":2,\"name\":\"F\u00f6rderung\"}]},{\"@type\":\"WebSite\",\"@id\":\"https:\\\/\\\/argonics.de\\\/#website\",\"url\":\"https:\\\/\\\/argonics.de\\\/\",\"name\":\"argonics\",\"description\":\"Die Experten im Bereich Automatisierung in der Binnenschifffahrt \u2013 Trackpilot, Dynamic Positioning und mehr\",\"publisher\":{\"@id\":\"https:\\\/\\\/argonics.de\\\/#organization\"},\"potentialAction\":[{\"@type\":\"SearchAction\",\"target\":{\"@type\":\"EntryPoint\",\"urlTemplate\":\"https:\\\/\\\/argonics.de\\\/?s={search_term_string}\"},\"query-input\":{\"@type\":\"PropertyValueSpecification\",\"valueRequired\":true,\"valueName\":\"search_term_string\"}}],\"inLanguage\":\"nl-NL\"},{\"@type\":\"Organization\",\"@id\":\"https:\\\/\\\/argonics.de\\\/#organization\",\"name\":\"Argonics GmbH\",\"alternateName\":\"argonics\",\"url\":\"https:\\\/\\\/argonics.de\\\/\",\"logo\":{\"@type\":\"ImageObject\",\"inLanguage\":\"nl-NL\",\"@id\":\"https:\\\/\\\/argonics.de\\\/#\\\/schema\\\/logo\\\/image\\\/\",\"url\":\"https:\\\/\\\/argonics.de\\\/wp-content\\\/uploads\\\/2024\\\/07\\\/Logo_argonics_RGB.png\",\"contentUrl\":\"https:\\\/\\\/argonics.de\\\/wp-content\\\/uploads\\\/2024\\\/07\\\/Logo_argonics_RGB.png\",\"width\":1179,\"height\":298,\"caption\":\"Argonics GmbH\"},\"image\":{\"@id\":\"https:\\\/\\\/argonics.de\\\/#\\\/schema\\\/logo\\\/image\\\/\"},\"sameAs\":[\"https:\\\/\\\/www.facebook.com\\\/profile.php?id=100091430529763\",\"https:\\\/\\\/www.linkedin.com\\\/company\\\/94261407\"]}]}<\/script>\n<!-- \/ Yoast SEO plugin. -->","yoast_head_json":{"title":"F\u00f6rderung &#8211; argonics","description":"F\u00f6rderm\u00f6glichkeiten in der Binnenschifffahrt \u2013 Unser Bahnf\u00fchrungssystem (argoTrackPilot) ist weiterhin mit bis zu 80% f\u00f6rderbar.","robots":{"index":"index","follow":"follow","max-snippet":"max-snippet:-1","max-image-preview":"max-image-preview:large","max-video-preview":"max-video-preview:-1"},"canonical":"https:\/\/argonics.de\/nl\/foerderung\/","og_locale":"nl_NL","og_type":"article","og_title":"F\u00f6rderung &#8211; argonics","og_description":"F\u00f6rderm\u00f6glichkeiten in der Binnenschifffahrt \u2013 Unser Bahnf\u00fchrungssystem (argoTrackPilot) ist weiterhin mit bis zu 80% f\u00f6rderbar.","og_url":"https:\/\/argonics.de\/nl\/foerderung\/","og_site_name":"argonics","article_publisher":"https:\/\/www.facebook.com\/profile.php?id=100091430529763","article_modified_time":"2024-10-30T10:00:18+00:00","og_image":[{"width":6157,"height":2000,"url":"https:\/\/argonics.de\/wp-content\/uploads\/2023\/08\/Europa_Fluesse_all_Zuschnitt.png","type":"image\/png"}],"twitter_card":"summary_large_image","schema":{"@context":"https:\/\/schema.org","@graph":[{"@type":"WebPage","@id":"https:\/\/argonics.de\/foerderung\/","url":"https:\/\/argonics.de\/foerderung\/","name":"F\u00f6rderung &#8211; argonics","isPartOf":{"@id":"https:\/\/argonics.de\/#website"},"primaryImageOfPage":{"@id":"https:\/\/argonics.de\/foerderung\/#primaryimage"},"image":{"@id":"https:\/\/argonics.de\/foerderung\/#primaryimage"},"thumbnailUrl":"https:\/\/argonics.de\/wp-content\/uploads\/2023\/08\/Europa_Fluesse_all_Zuschnitt.png","datePublished":"2024-06-01T13:00:09+00:00","dateModified":"2024-10-30T10:00:18+00:00","description":"F\u00f6rderm\u00f6glichkeiten in der Binnenschifffahrt \u2013 Unser Bahnf\u00fchrungssystem (argoTrackPilot) ist weiterhin mit bis zu 80% f\u00f6rderbar.","breadcrumb":{"@id":"https:\/\/argonics.de\/foerderung\/#breadcrumb"},"inLanguage":"nl-NL","potentialAction":[{"@type":"ReadAction","target":["https:\/\/argonics.de\/foerderung\/"]}]},{"@type":"ImageObject","inLanguage":"nl-NL","@id":"https:\/\/argonics.de\/foerderung\/#primaryimage","url":"https:\/\/argonics.de\/wp-content\/uploads\/2023\/08\/Europa_Fluesse_all_Zuschnitt.png","contentUrl":"https:\/\/argonics.de\/wp-content\/uploads\/2023\/08\/Europa_Fluesse_all_Zuschnitt.png"},{"@type":"BreadcrumbList","@id":"https:\/\/argonics.de\/foerderung\/#breadcrumb","itemListElement":[{"@type":"ListItem","position":1,"name":"Startseite","item":"https:\/\/argonics.de\/"},{"@type":"ListItem","position":2,"name":"F\u00f6rderung"}]},{"@type":"WebSite","@id":"https:\/\/argonics.de\/#website","url":"https:\/\/argonics.de\/","name":"argonics","description":"Die Experten im Bereich Automatisierung in der Binnenschifffahrt \u2013 Trackpilot, Dynamic Positioning und mehr","publisher":{"@id":"https:\/\/argonics.de\/#organization"},"potentialAction":[{"@type":"SearchAction","target":{"@type":"EntryPoint","urlTemplate":"https:\/\/argonics.de\/?s={search_term_string}"},"query-input":{"@type":"PropertyValueSpecification","valueRequired":true,"valueName":"search_term_string"}}],"inLanguage":"nl-NL"},{"@type":"Organization","@id":"https:\/\/argonics.de\/#organization","name":"Argonics GmbH","alternateName":"argonics","url":"https:\/\/argonics.de\/","logo":{"@type":"ImageObject","inLanguage":"nl-NL","@id":"https:\/\/argonics.de\/#\/schema\/logo\/image\/","url":"https:\/\/argonics.de\/wp-content\/uploads\/2024\/07\/Logo_argonics_RGB.png","contentUrl":"https:\/\/argonics.de\/wp-content\/uploads\/2024\/07\/Logo_argonics_RGB.png","width":1179,"height":298,"caption":"Argonics GmbH"},"image":{"@id":"https:\/\/argonics.de\/#\/schema\/logo\/image\/"},"sameAs":["https:\/\/www.facebook.com\/profile.php?id=100091430529763","https:\/\/www.linkedin.com\/company\/94261407"]}]}},"_links":{"self":[{"href":"https:\/\/argonics.de\/nl\/wp-json\/wp\/v2\/pages\/3090","targetHints":{"allow":["GET"]}}],"collection":[{"href":"https:\/\/argonics.de\/nl\/wp-json\/wp\/v2\/pages"}],"about":[{"href":"https:\/\/argonics.de\/nl\/wp-json\/wp\/v2\/types\/page"}],"author":[{"embeddable":true,"href":"https:\/\/argonics.de\/nl\/wp-json\/wp\/v2\/users\/1"}],"replies":[{"embeddable":true,"href":"https:\/\/argonics.de\/nl\/wp-json\/wp\/v2\/comments?post=3090"}],"version-history":[{"count":2,"href":"https:\/\/argonics.de\/nl\/wp-json\/wp\/v2\/pages\/3090\/revisions"}],"predecessor-version":[{"id":4411,"href":"https:\/\/argonics.de\/nl\/wp-json\/wp\/v2\/pages\/3090\/revisions\/4411"}],"wp:attachment":[{"href":"https:\/\/argonics.de\/nl\/wp-json\/wp\/v2\/media?parent=3090"}],"curies":[{"name":"wp","href":"https:\/\/api.w.org\/{rel}","templated":true}]}}