{"id":466,"date":"2023-07-13T09:22:58","date_gmt":"2023-07-13T09:22:58","guid":{"rendered":"http:\/\/trackpilot.eu\/?page_id=466"},"modified":"2025-07-01T09:19:40","modified_gmt":"2025-07-01T09:19:40","slug":"impressum","status":"publish","type":"page","link":"https:\/\/argonics.de\/nl\/impressum\/","title":{"rendered":"Impressum"},"content":{"rendered":"<div class=\"wp-block-cover alignfull\" style=\"min-height:400px;aspect-ratio:unset;\"><img loading=\"lazy\" decoding=\"async\" width=\"6157\" height=\"2000\" class=\"wp-block-cover__image-background wp-image-1567\" alt=\"\" src=\"http:\/\/trackpilot.eu\/wp-content\/uploads\/2023\/08\/Europa_Fluesse_all_Zuschnitt.png\" data-object-fit=\"cover\" srcset=\"https:\/\/argonics.de\/wp-content\/uploads\/2023\/08\/Europa_Fluesse_all_Zuschnitt.png 6157w, https:\/\/argonics.de\/wp-content\/uploads\/2023\/08\/Europa_Fluesse_all_Zuschnitt-300x97.png 300w, https:\/\/argonics.de\/wp-content\/uploads\/2023\/08\/Europa_Fluesse_all_Zuschnitt-1024x333.png 1024w, https:\/\/argonics.de\/wp-content\/uploads\/2023\/08\/Europa_Fluesse_all_Zuschnitt-768x249.png 768w, https:\/\/argonics.de\/wp-content\/uploads\/2023\/08\/Europa_Fluesse_all_Zuschnitt-1536x499.png 1536w, https:\/\/argonics.de\/wp-content\/uploads\/2023\/08\/Europa_Fluesse_all_Zuschnitt-2048x665.png 2048w, https:\/\/argonics.de\/wp-content\/uploads\/2023\/08\/Europa_Fluesse_all_Zuschnitt-18x6.png 18w\" sizes=\"auto, (max-width: 6157px) 100vw, 6157px\" \/><span aria-hidden=\"true\" class=\"wp-block-cover__background has-background-dim\"><\/span><div class=\"wp-block-cover__inner-container is-layout-flow wp-block-cover-is-layout-flow\">\n<p class=\"has-text-align-center has-large-font-size\"><\/p>\n<\/div><\/div>\n\n\n\n<h2 class=\"wp-block-heading\">Impressum<\/h2>\n\n\n\n<p><strong>Name und Anschrift:<\/strong><br>Argonics GmbH<br>Alexander Lutz<br>He\u00dfbr\u00fchlstra\u00dfe 21D<br>70565 Stuttgart<\/p>\n\n\n\n<p>Gesch\u00e4ftsf\u00fchrer: Dr.-Ing. Alexander Lutz, Jun Nakazawa, Leon Vermeij<\/p>\n\n\n\n<p>Registernummer: HR B 747757<br>Registergericht: Stuttgart<br>Steuernummer: DE293844250<\/p>\n\n\n\n<p>Inhaltlich verantwortlich gem\u00e4\u00df \u00a7 5 des TMG: Dr.-Ing. Alexander Lutz<\/p>\n\n\n\n<h3 class=\"wp-block-heading\">Haftungsbeschr\u00e4nkung<\/h3>\n\n\n\n<p>Die Inhalte dieser Website werden mit gr\u00f6\u00dftm\u00f6glicher Sorgfalt erstellt. Der Anbieter \u00fcbernimmt jedoch keine Gew\u00e4hr f\u00fcr die Richtigkeit, Vollst\u00e4ndigkeit und Aktualit\u00e4t der bereitgestellten Inhalte. Die Nutzung der Inhalte der Website erfolgt auf eigene Gefahr des Nutzers. Namentlich gekennzeichnete Beitr\u00e4ge geben die Meinung des jeweiligen Autors und nicht immer die Meinung des Anbieters wieder. Mit der reinen Nutzung der Website des Anbieters kommt keinerlei Vertragsverh\u00e4ltnis zwischen dem Nutzer und dem Anbieter zustande.<\/p>\n\n\n\n<h3 class=\"wp-block-heading\">Externe Links<\/h3>\n\n\n\n<p>Diese Website enth\u00e4lt Verkn\u00fcpfungen zu Websites Dritter (&#8222;externe Links&#8220;). Diese Websites unterliegen der Haftung der jeweiligen Betreiber. Der Anbieter hat bei der erstmaligen Verkn\u00fcpfung der externen Links die fremden Inhalte daraufhin \u00fcberpr\u00fcft, ob etwaige Rechtsverst\u00f6\u00dfe bestehen. Zu dem Zeitpunkt waren keine Rechtsverst\u00f6\u00dfe ersichtlich. Der Anbieter hat keinerlei Einfluss auf die aktuelle und zuk\u00fcnftige Gestaltung und auf die Inhalte der verkn\u00fcpften Seiten. Das Setzen von externen Links bedeutet nicht, dass sich der Anbieter die hinter dem Verweis oder Link liegenden Inhalte zu Eigen macht. Eine st\u00e4ndige Kontrolle dieser externen Links ist f\u00fcr den Anbieter ohne konkrete Hinweise auf Rechtsverst\u00f6\u00dfe nicht zumutbar. Bei Kenntnis von Rechtsverst\u00f6\u00dfen werden jedoch derartige externe Links unverz\u00fcglich gel\u00f6scht.<\/p>\n\n\n\n<h3 class=\"wp-block-heading\">Urheber- und Leistungsschutzrechte<\/h3>\n\n\n\n<p>Die auf dieser Website ver\u00f6ffentlichten Inhalte unterliegen dem deutschen Urheber- und Leistungsschutzrecht. Jede vom deutschen Urheber- und Leistungsschutzrecht nicht zugelassene Verwertung bedarf der vorherigen schriftlichen Zustimmung des Anbieters oder jeweiligen Rechteinhabers. Dies gilt insbesondere f\u00fcr Vervielf\u00e4ltigung, Bearbeitung, \u00dcbersetzung, Einspeicherung, Verarbeitung bzw. Wiedergabe von Inhalten in Datenbanken oder anderen elektronischen Medien und Systemen. Inhalte und Rechte Dritter sind dabei als solche gekennzeichnet. Die unerlaubte Vervielf\u00e4ltigung oder Weitergabe einzelner Inhalte oder kompletter Seiten ist nicht gestattet und strafbar. Lediglich die Herstellung von Kopien und Downloads f\u00fcr den pers\u00f6nlichen, privaten und nicht kommerziellen Gebrauch ist erlaubt.<\/p>\n\n\n\n<p>Die Darstellung dieser Website in fremden Frames ist nur mit schriftlicher Erlaubnis zul\u00e4ssig.<\/p>\n\n\n\n<div style=\"height:100px\" aria-hidden=\"true\" class=\"wp-block-spacer\"><\/div>","protected":false},"excerpt":{"rendered":"<p>Impressum Name und Anschrift:Argonics GmbHAlexander LutzHe\u00dfbr\u00fchlstra\u00dfe 21D70565 Stuttgart Gesch\u00e4ftsf\u00fchrer: Dr.-Ing. Alexander Lutz, Jun Nakazawa, Leon Vermeij Registernummer: HR B 747757Registergericht: StuttgartSteuernummer: DE293844250 Inhaltlich verantwortlich gem\u00e4\u00df \u00a7 5 des TMG: Dr.-Ing. Alexander Lutz Haftungsbeschr\u00e4nkung Die Inhalte dieser Website werden mit gr\u00f6\u00dftm\u00f6glicher Sorgfalt erstellt. Der Anbieter \u00fcbernimmt jedoch keine Gew\u00e4hr f\u00fcr die Richtigkeit, Vollst\u00e4ndigkeit und Aktualit\u00e4t der [&hellip;]<\/p>\n","protected":false},"author":1,"featured_media":0,"parent":0,"menu_order":0,"comment_status":"closed","ping_status":"closed","template":"","meta":{"footnotes":""},"class_list":["post-466","page","type-page","status-publish","hentry"],"blocksy_meta":{"has_hero_section":"disabled"},"yoast_head":"<!-- This site is optimized with the Yoast SEO plugin v27.3 - https:\/\/yoast.com\/product\/yoast-seo-wordpress\/ -->\n<title>Impressum &#8211; argonics<\/title>\n<meta name=\"description\" content=\"Impressum, Rechtliches\" \/>\n<meta name=\"robots\" content=\"index, follow, max-snippet:-1, max-image-preview:large, max-video-preview:-1\" \/>\n<link rel=\"canonical\" href=\"https:\/\/argonics.de\/nl\/impressum\/\" \/>\n<meta property=\"og:locale\" content=\"nl_NL\" \/>\n<meta property=\"og:type\" content=\"article\" \/>\n<meta property=\"og:title\" content=\"Impressum &#8211; argonics\" \/>\n<meta property=\"og:description\" content=\"Impressum, Rechtliches\" \/>\n<meta property=\"og:url\" content=\"https:\/\/argonics.de\/nl\/impressum\/\" \/>\n<meta property=\"og:site_name\" content=\"argonics\" \/>\n<meta property=\"article:publisher\" content=\"https:\/\/www.facebook.com\/profile.php?id=100091430529763\" \/>\n<meta property=\"article:modified_time\" content=\"2025-07-01T09:19:40+00:00\" \/>\n<meta property=\"og:image\" content=\"https:\/\/argonics.de\/wp-content\/uploads\/2023\/08\/Europa_Fluesse_all_Zuschnitt.png\" \/>\n\t<meta property=\"og:image:width\" content=\"6157\" \/>\n\t<meta property=\"og:image:height\" content=\"2000\" \/>\n\t<meta property=\"og:image:type\" content=\"image\/png\" \/>\n<meta name=\"twitter:card\" content=\"summary_large_image\" \/>\n<script type=\"application\/ld+json\" class=\"yoast-schema-graph\">{\"@context\":\"https:\\\/\\\/schema.org\",\"@graph\":[{\"@type\":\"WebPage\",\"@id\":\"https:\\\/\\\/argonics.de\\\/impressum\\\/\",\"url\":\"https:\\\/\\\/argonics.de\\\/impressum\\\/\",\"name\":\"Impressum &#8211; argonics\",\"isPartOf\":{\"@id\":\"https:\\\/\\\/argonics.de\\\/#website\"},\"primaryImageOfPage\":{\"@id\":\"https:\\\/\\\/argonics.de\\\/impressum\\\/#primaryimage\"},\"image\":{\"@id\":\"https:\\\/\\\/argonics.de\\\/impressum\\\/#primaryimage\"},\"thumbnailUrl\":\"http:\\\/\\\/trackpilot.eu\\\/wp-content\\\/uploads\\\/2023\\\/08\\\/Europa_Fluesse_all_Zuschnitt.png\",\"datePublished\":\"2023-07-13T09:22:58+00:00\",\"dateModified\":\"2025-07-01T09:19:40+00:00\",\"description\":\"Impressum, Rechtliches\",\"breadcrumb\":{\"@id\":\"https:\\\/\\\/argonics.de\\\/impressum\\\/#breadcrumb\"},\"inLanguage\":\"nl-NL\",\"potentialAction\":[{\"@type\":\"ReadAction\",\"target\":[\"https:\\\/\\\/argonics.de\\\/impressum\\\/\"]}]},{\"@type\":\"ImageObject\",\"inLanguage\":\"nl-NL\",\"@id\":\"https:\\\/\\\/argonics.de\\\/impressum\\\/#primaryimage\",\"url\":\"http:\\\/\\\/trackpilot.eu\\\/wp-content\\\/uploads\\\/2023\\\/08\\\/Europa_Fluesse_all_Zuschnitt.png\",\"contentUrl\":\"http:\\\/\\\/trackpilot.eu\\\/wp-content\\\/uploads\\\/2023\\\/08\\\/Europa_Fluesse_all_Zuschnitt.png\"},{\"@type\":\"BreadcrumbList\",\"@id\":\"https:\\\/\\\/argonics.de\\\/impressum\\\/#breadcrumb\",\"itemListElement\":[{\"@type\":\"ListItem\",\"position\":1,\"name\":\"Startseite\",\"item\":\"https:\\\/\\\/argonics.de\\\/\"},{\"@type\":\"ListItem\",\"position\":2,\"name\":\"Impressum\"}]},{\"@type\":\"WebSite\",\"@id\":\"https:\\\/\\\/argonics.de\\\/#website\",\"url\":\"https:\\\/\\\/argonics.de\\\/\",\"name\":\"argonics\",\"description\":\"Die Experten im Bereich Automatisierung in der Binnenschifffahrt \u2013 Trackpilot, Dynamic Positioning und mehr\",\"publisher\":{\"@id\":\"https:\\\/\\\/argonics.de\\\/#organization\"},\"potentialAction\":[{\"@type\":\"SearchAction\",\"target\":{\"@type\":\"EntryPoint\",\"urlTemplate\":\"https:\\\/\\\/argonics.de\\\/?s={search_term_string}\"},\"query-input\":{\"@type\":\"PropertyValueSpecification\",\"valueRequired\":true,\"valueName\":\"search_term_string\"}}],\"inLanguage\":\"nl-NL\"},{\"@type\":\"Organization\",\"@id\":\"https:\\\/\\\/argonics.de\\\/#organization\",\"name\":\"Argonics GmbH\",\"alternateName\":\"argonics\",\"url\":\"https:\\\/\\\/argonics.de\\\/\",\"logo\":{\"@type\":\"ImageObject\",\"inLanguage\":\"nl-NL\",\"@id\":\"https:\\\/\\\/argonics.de\\\/#\\\/schema\\\/logo\\\/image\\\/\",\"url\":\"https:\\\/\\\/argonics.de\\\/wp-content\\\/uploads\\\/2024\\\/07\\\/Logo_argonics_RGB.png\",\"contentUrl\":\"https:\\\/\\\/argonics.de\\\/wp-content\\\/uploads\\\/2024\\\/07\\\/Logo_argonics_RGB.png\",\"width\":1179,\"height\":298,\"caption\":\"Argonics GmbH\"},\"image\":{\"@id\":\"https:\\\/\\\/argonics.de\\\/#\\\/schema\\\/logo\\\/image\\\/\"},\"sameAs\":[\"https:\\\/\\\/www.facebook.com\\\/profile.php?id=100091430529763\",\"https:\\\/\\\/www.linkedin.com\\\/company\\\/94261407\"]}]}<\/script>\n<!-- \/ Yoast SEO plugin. -->","yoast_head_json":{"title":"Impressum &#8211; argonics","description":"Impressum, Rechtliches","robots":{"index":"index","follow":"follow","max-snippet":"max-snippet:-1","max-image-preview":"max-image-preview:large","max-video-preview":"max-video-preview:-1"},"canonical":"https:\/\/argonics.de\/nl\/impressum\/","og_locale":"nl_NL","og_type":"article","og_title":"Impressum &#8211; argonics","og_description":"Impressum, Rechtliches","og_url":"https:\/\/argonics.de\/nl\/impressum\/","og_site_name":"argonics","article_publisher":"https:\/\/www.facebook.com\/profile.php?id=100091430529763","article_modified_time":"2025-07-01T09:19:40+00:00","og_image":[{"width":6157,"height":2000,"url":"https:\/\/argonics.de\/wp-content\/uploads\/2023\/08\/Europa_Fluesse_all_Zuschnitt.png","type":"image\/png"}],"twitter_card":"summary_large_image","schema":{"@context":"https:\/\/schema.org","@graph":[{"@type":"WebPage","@id":"https:\/\/argonics.de\/impressum\/","url":"https:\/\/argonics.de\/impressum\/","name":"Impressum &#8211; argonics","isPartOf":{"@id":"https:\/\/argonics.de\/#website"},"primaryImageOfPage":{"@id":"https:\/\/argonics.de\/impressum\/#primaryimage"},"image":{"@id":"https:\/\/argonics.de\/impressum\/#primaryimage"},"thumbnailUrl":"http:\/\/trackpilot.eu\/wp-content\/uploads\/2023\/08\/Europa_Fluesse_all_Zuschnitt.png","datePublished":"2023-07-13T09:22:58+00:00","dateModified":"2025-07-01T09:19:40+00:00","description":"Impressum, Rechtliches","breadcrumb":{"@id":"https:\/\/argonics.de\/impressum\/#breadcrumb"},"inLanguage":"nl-NL","potentialAction":[{"@type":"ReadAction","target":["https:\/\/argonics.de\/impressum\/"]}]},{"@type":"ImageObject","inLanguage":"nl-NL","@id":"https:\/\/argonics.de\/impressum\/#primaryimage","url":"http:\/\/trackpilot.eu\/wp-content\/uploads\/2023\/08\/Europa_Fluesse_all_Zuschnitt.png","contentUrl":"http:\/\/trackpilot.eu\/wp-content\/uploads\/2023\/08\/Europa_Fluesse_all_Zuschnitt.png"},{"@type":"BreadcrumbList","@id":"https:\/\/argonics.de\/impressum\/#breadcrumb","itemListElement":[{"@type":"ListItem","position":1,"name":"Startseite","item":"https:\/\/argonics.de\/"},{"@type":"ListItem","position":2,"name":"Impressum"}]},{"@type":"WebSite","@id":"https:\/\/argonics.de\/#website","url":"https:\/\/argonics.de\/","name":"argonics","description":"Die Experten im Bereich Automatisierung in der Binnenschifffahrt \u2013 Trackpilot, Dynamic Positioning und mehr","publisher":{"@id":"https:\/\/argonics.de\/#organization"},"potentialAction":[{"@type":"SearchAction","target":{"@type":"EntryPoint","urlTemplate":"https:\/\/argonics.de\/?s={search_term_string}"},"query-input":{"@type":"PropertyValueSpecification","valueRequired":true,"valueName":"search_term_string"}}],"inLanguage":"nl-NL"},{"@type":"Organization","@id":"https:\/\/argonics.de\/#organization","name":"Argonics GmbH","alternateName":"argonics","url":"https:\/\/argonics.de\/","logo":{"@type":"ImageObject","inLanguage":"nl-NL","@id":"https:\/\/argonics.de\/#\/schema\/logo\/image\/","url":"https:\/\/argonics.de\/wp-content\/uploads\/2024\/07\/Logo_argonics_RGB.png","contentUrl":"https:\/\/argonics.de\/wp-content\/uploads\/2024\/07\/Logo_argonics_RGB.png","width":1179,"height":298,"caption":"Argonics GmbH"},"image":{"@id":"https:\/\/argonics.de\/#\/schema\/logo\/image\/"},"sameAs":["https:\/\/www.facebook.com\/profile.php?id=100091430529763","https:\/\/www.linkedin.com\/company\/94261407"]}]}},"_links":{"self":[{"href":"https:\/\/argonics.de\/nl\/wp-json\/wp\/v2\/pages\/466","targetHints":{"allow":["GET"]}}],"collection":[{"href":"https:\/\/argonics.de\/nl\/wp-json\/wp\/v2\/pages"}],"about":[{"href":"https:\/\/argonics.de\/nl\/wp-json\/wp\/v2\/types\/page"}],"author":[{"embeddable":true,"href":"https:\/\/argonics.de\/nl\/wp-json\/wp\/v2\/users\/1"}],"replies":[{"embeddable":true,"href":"https:\/\/argonics.de\/nl\/wp-json\/wp\/v2\/comments?post=466"}],"version-history":[{"count":15,"href":"https:\/\/argonics.de\/nl\/wp-json\/wp\/v2\/pages\/466\/revisions"}],"predecessor-version":[{"id":5842,"href":"https:\/\/argonics.de\/nl\/wp-json\/wp\/v2\/pages\/466\/revisions\/5842"}],"wp:attachment":[{"href":"https:\/\/argonics.de\/nl\/wp-json\/wp\/v2\/media?parent=466"}],"curies":[{"name":"wp","href":"https:\/\/api.w.org\/{rel}","templated":true}]}}