{"id":6022,"date":"2023-07-14T08:00:26","date_gmt":"2023-07-14T08:00:26","guid":{"rendered":"https:\/\/argonics.de\/?page_id=6022"},"modified":"2026-03-04T13:23:11","modified_gmt":"2026-03-04T13:23:11","slug":"downloads","status":"publish","type":"page","link":"https:\/\/argonics.de\/nl\/produkte\/downloads\/","title":{"rendered":"Downloads"},"content":{"rendered":"<div class=\"wp-block-cover alignfull is-light\" style=\"min-height:400px;aspect-ratio:unset;\"><img loading=\"lazy\" decoding=\"async\" width=\"6157\" height=\"2000\" class=\"wp-block-cover__image-background wp-image-1567\" alt=\"\" src=\"http:\/\/trackpilot.eu\/wp-content\/uploads\/2023\/08\/Europa_Fluesse_all_Zuschnitt.png\" data-object-fit=\"cover\" srcset=\"https:\/\/argonics.de\/wp-content\/uploads\/2023\/08\/Europa_Fluesse_all_Zuschnitt.png 6157w, https:\/\/argonics.de\/wp-content\/uploads\/2023\/08\/Europa_Fluesse_all_Zuschnitt-300x97.png 300w, https:\/\/argonics.de\/wp-content\/uploads\/2023\/08\/Europa_Fluesse_all_Zuschnitt-1024x333.png 1024w, https:\/\/argonics.de\/wp-content\/uploads\/2023\/08\/Europa_Fluesse_all_Zuschnitt-768x249.png 768w, https:\/\/argonics.de\/wp-content\/uploads\/2023\/08\/Europa_Fluesse_all_Zuschnitt-1536x499.png 1536w, https:\/\/argonics.de\/wp-content\/uploads\/2023\/08\/Europa_Fluesse_all_Zuschnitt-2048x665.png 2048w, https:\/\/argonics.de\/wp-content\/uploads\/2023\/08\/Europa_Fluesse_all_Zuschnitt-18x6.png 18w\" sizes=\"auto, (max-width: 6157px) 100vw, 6157px\" \/><span aria-hidden=\"true\" class=\"wp-block-cover__background has-background-dim\"><\/span><div class=\"wp-block-cover__inner-container is-layout-flow wp-block-cover-is-layout-flow\">\n<p class=\"has-text-align-center has-medium-font-size\"><\/p>\n<\/div><\/div>\n\n\n\n<h3 class=\"wp-block-heading has-text-align-left\">Downloads<\/h3>\n\n\n\n<div class=\"wp-block-columns is-layout-flex wp-container-core-columns-is-layout-28f84493 wp-block-columns-is-layout-flex\">\n<div class=\"wp-block-column is-layout-flow wp-block-column-is-layout-flow\" style=\"flex-basis:100%\">\n<p class=\"has-medium-font-size\">Hier vindt u gebruiksaanwijzingen, snelgidsen en flyers voor onze producten.<\/p>\n\n\n\n<div style=\"height:1em\" aria-hidden=\"true\" class=\"wp-block-spacer\"><\/div>\n\n\n\n<p>Met deze knoppen kun je de taal van de documenten wijzigen:<\/p>\n\n\n\n<style>\n  .downloads a {\n    text-decoration: underline;\n  }\n<\/style>\n\n<script>\ndocument.addEventListener('DOMContentLoaded', () => {\n  const langButtons = document.querySelectorAll('#lang-tabs button');\n  const langBlocks = document.querySelectorAll('.lang-block');\n\n  \/\/ Sprache aus <html lang=\"...\"> lesen\n  const pageLang = document.documentElement.lang || 'de-DE';\n\n  \/\/ Funktion zur Anzeige des gew\u00fcnschten Sprach-Blocks\n  function showLang(lang) {\n    langBlocks.forEach(block => {\n      block.classList.toggle('lang-visible', block.dataset.lang === lang);\n    });\n    langButtons.forEach(btn => {\n      btn.classList.toggle('active', btn.dataset.lang === lang);\n    });\n  }\n\n  \/\/ Klicks auf Sprach-Tabs erlauben\n  langButtons.forEach(btn => {\n    btn.addEventListener('click', () => {\n      const selectedLang = btn.dataset.lang;\n      showLang(selectedLang);\n    });\n  });\n\n  \/\/ Initialer Aufruf beim Laden\n  showLang(pageLang);\n});\n<\/script>\n\n<div id=\"lang-tabs\">\n  <button data-lang=\"de-DE\">DE<\/button>\n  <button data-lang=\"en-GB\">EN<\/button>\n  <button data-lang=\"nl-NL\">NL<\/button>\n<\/div>\n\n<div class=\"lang-block product-entry\" data-lang=\"de-DE\">\n  <div class=\"product-row\">\n    <img decoding=\"async\" src=\"https:\/\/argonics.de\/wp-content\/uploads\/2025\/07\/symbol_aTP_Sym.svg\" alt=\"aTP\">\n    <div>\n      <p class=\"product-name\">argoTrackPilot<\/p>\n      <ul class=\"downloads\">\n        <li><a href=\"https:\/\/argonics.de\/wp-content\/uploads\/2025\/11\/argoTrackPilot_Bedienungsanleitung_V3.5_DE.pdf\" target=\"_blank\" download>Bedienungsanleitung<\/a><\/li>\n        <li><a href=\"https:\/\/argonics.de\/wp-content\/uploads\/2025\/03\/2025_02_06-Cheatsheet-Argonics-DE.pdf\" target=\"_blank\" download>Kurzanleitung (Argonics)<\/a><\/li>\n        <li><a href=\"https:\/\/argonics.de\/wp-content\/uploads\/2025\/03\/2025_02_06-Cheatsheet-Alphatron-DE.pdf\" target=\"_blank\" download>Kurzanleitung (Alphatron Marine)<\/a><\/li>\n        <li><a href=\"https:\/\/argonics.de\/wp-content\/uploads\/2025\/03\/argoTrackPilot_Datenblatt_DE.pdf\" target=\"_blank\" download>(Technisches) Datenblatt<\/a><\/li>\n        <li><a href=\"https:\/\/argonics.de\/wp-content\/uploads\/2025\/03\/argoTrackPilot_Flyer_DE.pdf\" target=\"_blank\" download>Flyer<\/a><\/li>\n        <li><a href=\"https:\/\/argonics.de\/wp-content\/uploads\/2023\/11\/argoControlPanel_flex_V1.0R.zip\" target=\"_blank\" download>argoControlPanel flex<\/a><\/li>      \n      <\/ul>\n    <\/div>\n  <\/div>\n\n  <div class=\"product-row\">\n    <img decoding=\"async\" src=\"https:\/\/argonics.de\/wp-content\/uploads\/2025\/07\/symbol_aDP_Sym.svg\" alt=\"aDP\">\n    <div>\n      <p class=\"product-name\">argoDataPortal<\/p>\n      <ul class=\"downloads\">\n        <li>Bedienungsanleitung<\/li>\n        <li>Korte handleiding<\/li>\n        <li><a href=\"https:\/\/argonics.de\/wp-content\/uploads\/2025\/03\/argoDataPortal_Datenblatt_DE.pdf\" target=\"_blank\" download>(Technisches) Datenblatt<\/a><\/li>\n        <li><a href=\"https:\/\/argonics.de\/wp-content\/uploads\/2025\/03\/argoDataPortal_Flyer_DE.pdf\" target=\"_blank\" download>Flyer<\/a><\/li>\n      <\/ul>\n    <\/div>\n  <\/div>\n\n  <div class=\"product-row\">\n    <img decoding=\"async\" src=\"https:\/\/argonics.de\/wp-content\/uploads\/2025\/07\/symbol_aPP_Sym.svg\" alt=\"aPP\">\n    <div>\n      <p class=\"product-name\">argoPositionPilot<\/p>\n      <ul class=\"downloads\">\n        <li>Bedienungsanleitung<\/li>\n        <li>Korte handleiding<\/li>\n        <li><a href=\"https:\/\/argonics.de\/wp-content\/uploads\/2025\/03\/argoPositionPilot_Datenblatt_DE.pdf\" target=\"_blank\" download>(Technisches) Datenblatt<\/a><\/li>\n        <li><a href=\"https:\/\/argonics.de\/wp-content\/uploads\/2025\/03\/argoPositionPilot_Flyer_DE.pdf\" target=\"_blank\" download>Flyer<\/a><\/li>\n        <li><a href=\"https:\/\/argonics.de\/wp-content\/uploads\/2023\/11\/argoControlPanel_flex_V1.0R.zip\" target=\"_blank\" download>argoControlPanel flex<\/a><\/li>      \n      <\/ul>\n    <\/div>\n  <\/div>\n<\/div>\n\n<div class=\"lang-block product-entry\" data-lang=\"en-GB\">\n  <div class=\"product-row\">\n    <img decoding=\"async\" src=\"https:\/\/argonics.de\/wp-content\/uploads\/2025\/07\/symbol_aTP_Sym.svg\" alt=\"aTP\">\n    <div>\n      <p class=\"product-name\">argoTrackPilot<\/p>\n      <ul class=\"downloads\">\n        <li><a href=\"https:\/\/argonics.de\/wp-content\/uploads\/2025\/11\/argoTrackPilot_Manual_V3.5_EN.pdf\" target=\"_blank\" download>User Manual<\/a><\/li>\n        <li><a href=\"https:\/\/argonics.de\/wp-content\/uploads\/2025\/03\/2025_02_06-Cheatsheet-Argonics-EN.pdf\" target=\"_blank\" download>Quick start guide (Argonics)<\/a><\/li>\n        <li><a href=\"https:\/\/argonics.de\/wp-content\/uploads\/2025\/03\/2025_02_06-Cheatsheet-Alphatron-EN.pdf\" target=\"_blank\" download>Quick start guide (Alphatron Marine)<\/a><\/li>\n        <li><a href=\"https:\/\/argonics.de\/wp-content\/uploads\/2026\/03\/argoTrackPilot_Datenblatt_EN.pdf\" target=\"_blank\" download>(Technical) Datasheet<\/a><\/li>\n        <li><a href=\"https:\/\/argonics.de\/wp-content\/uploads\/2025\/03\/argoTrackPilot_Flyer_EN.pdf\" target=\"_blank\" download>Flyer<\/a><\/li>\n        <li><a href=\"https:\/\/argonics.de\/wp-content\/uploads\/2023\/11\/argoControlPanel_flex_V1.0R.zip\" target=\"_blank\" download>argoControlPanel flex<\/a><\/li>      \n      <\/ul>\n    <\/div>\n  <\/div>\n\n    <div class=\"product-row\">\n        <img decoding=\"async\" src=\"https:\/\/argonics.de\/wp-content\/uploads\/2025\/07\/symbol_aDP_Sym.svg\" alt=\"aDP\">\n        <div>\n          <p class=\"product-name\">argoDataPortal<\/p>\n          <ul class=\"downloads\">\n              <li>User Manual<\/li>\n              <li>Quick start guide<\/li>\n              <li><a href=\"https:\/\/argonics.de\/wp-content\/uploads\/2025\/03\/argoDataPortal_Datenblatt_EN.pdf\" target=\"_blank\" download>(Technical) Datasheet<\/a><\/li>\n              <li><a href=\"https:\/\/argonics.de\/wp-content\/uploads\/2025\/03\/argoDataPortal_Flyer_EN.pdf\"\" target=\"_blank\" download>Flyer<\/a><\/li>\n          <\/ul>\n        <\/div>\n    <\/div>\n\n    <div class=\"product-row\">\n        <img decoding=\"async\" src=\"https:\/\/argonics.de\/wp-content\/uploads\/2025\/07\/symbol_aPP_Sym.svg\" alt=\"aPP\">\n        <div>\n          <p class=\"product-name\">argoPositionPilot<\/p>\n          <ul class=\"downloads\">\n              <li>User Manual<\/li>\n              <li>Quick start guide<\/li>\n              <li><a href=\"https:\/\/argonics.de\/wp-content\/uploads\/2025\/03\/argoPositionPilot_Datenblatt_EN.pdf\" target=\"_blank\" download>(Technical) Datasheet<\/a><\/li>\n              <li><a href=\"https:\/\/argonics.de\/wp-content\/uploads\/2025\/03\/argoPositionPilot_Flyer_EN.pdf\" target=\"_blank\" download>Flyer<\/a><\/li>\n              <li><a href=\"https:\/\/argonics.de\/wp-content\/uploads\/2023\/11\/argoControlPanel_flex_V1.0R.zip\" target=\"_blank\" download>argoControlPanel flex<\/a><\/li>\n            <\/ul>\n        <\/div>\n   <\/div>\n<\/div>\n\n<div class=\"lang-block product-entry\" data-lang=\"nl-NL\">\n  <div class=\"product-row\">\n    <img decoding=\"async\" src=\"https:\/\/argonics.de\/wp-content\/uploads\/2025\/07\/symbol_aTP_Sym.svg\" alt=\"aTP\">\n    <div>\n      <p class=\"product-name\">argoTrackPilot<\/p>\n      <ul class=\"downloads\">\n        <li><a href=\"https:\/\/argonics.de\/wp-content\/uploads\/2025\/11\/argoTrackPilot_Gebruikershandleiding_V3.5_NL.pdf\" target=\"_blank\" download>Gebruikershandleiding<\/a><\/li>\n        <li><a href=\"https:\/\/argonics.de\/wp-content\/uploads\/2025\/03\/2025_02_06-Cheatsheet-Argonics-NL.pdf\" target=\"_blank\" download>Snelstartgids (Argonics)<\/a><\/li>\n        <li><a href=\"https:\/\/argonics.de\/wp-content\/uploads\/2025\/03\/2025_02_06-Cheatsheet-Alphatron-NL.pdf\" target=\"_blank\" download>Snelstartgids (Alphatron Marine)<\/a><\/li>\n        <li><a href=\"https:\/\/argonics.de\/wp-content\/uploads\/2026\/03\/argoTrackPilot_Datenblatt_NL.pdf\" target=\"_blank\" download>(Technisch) Datasheet<\/a><\/li>\n        <li><a href=\"https:\/\/argonics.de\/wp-content\/uploads\/2025\/03\/argoTrackPilot_Flyer_NL.pdf\" target=\"_blank\" download>Flyer<\/a><\/li>\n        <li><a href=\"https:\/\/argonics.de\/wp-content\/uploads\/2023\/11\/argoControlPanel_flex_V1.0R.zip\" target=\"_blank\" download>argoControlPanel flex<\/a><\/li>      \n      <\/ul>\n    <\/div>\n  <\/div>\n\n  <div class=\"product-row\">\n      <img decoding=\"async\" src=\"https:\/\/argonics.de\/wp-content\/uploads\/2025\/07\/symbol_aDP_Sym.svg\" alt=\"aDP\">\n      <div>\n        <p class=\"product-name\">argoDataPortal<\/p>\n        <ul class=\"downloads\">\n            <li>Gebruikershandleiding<\/li>\n            <li>Snelstartgids<\/li>\n            <li><a href=\"https:\/\/argonics.de\/wp-content\/uploads\/2025\/03\/argoDataPortal_Datenblatt_NL.pdf\" target=\"_blank\" download>(Technisch) Datasheet<\/a><\/li>\n            <li><a href=\"https:\/\/argonics.de\/wp-content\/uploads\/2025\/03\/argoDataPortal_Flyer_NL.pdf\" target=\"_blank\" download>Flyer<\/a><\/li>\n        <\/ul>\n      <\/div>\n  <\/div>\n\n  <div class=\"product-row\">\n      <img decoding=\"async\" src=\"https:\/\/argonics.de\/wp-content\/uploads\/2025\/07\/symbol_aPP_Sym.svg\" alt=\"aPP\">\n      <div>\n        <p class=\"product-name\">argoPositionPilot<\/p>\n        <ul class=\"downloads\">\n            <li>Gebruikershandleiding<\/li>\n            <li>Snelstartgids<\/li>\n            <li><a href=\"https:\/\/argonics.de\/wp-content\/uploads\/2025\/03\/argoPositionPilot_Datenblatt_NL.pdf\" target=\"_blank\" download>(Technisch) Datasheet<\/a><\/li>\n            <li><a href=\"https:\/\/argonics.de\/wp-content\/uploads\/2025\/03\/argoPositionPilot_Flyer_NL.pdf\" target=\"_blank\" download>Flyer<\/a><\/li>\n            <li><a href=\"https:\/\/argonics.de\/wp-content\/uploads\/2023\/11\/argoControlPanel_flex_V1.0R.zip\" target=\"_blank\" download>argoControlPanel flex<\/a><\/li>\n          <\/ul>\n      <\/div>\n  <\/div>\n<\/div>\n<\/div>\n<\/div>\n\n\n\n<div style=\"height:1em\" aria-hidden=\"true\" class=\"wp-block-spacer\"><\/div>\n\n\n\n<hr class=\"wp-block-separator alignwide has-text-color has-palette-color-1-color has-alpha-channel-opacity has-palette-color-1-background-color has-background is-style-wide\"\/>\n\n\n\n<div style=\"height:1em\" aria-hidden=\"true\" class=\"wp-block-spacer\"><\/div>\n\n\n\n<p class=\"has-medium-font-size\" style=\"font-style:normal;font-weight:500\">Ben je <strong>dealer<\/strong>, <strong>installateur<\/strong> of werk je in de <strong>verkoop<\/strong> ?<\/p>\n\n\n\n<p class=\"has-medium-font-size\">Via de onderstaande link krijgt u toegang tot onze met een wachtwoord beveiligde online opslag. Daar vindt u meer informatie over onze producten.<\/p>\n\n\n\n<div class=\"wp-block-buttons is-content-justification-left is-layout-flex wp-container-core-buttons-is-layout-fc4fd283 wp-block-buttons-is-layout-flex\" style=\"border-radius:15px\">\n<div class=\"wp-block-button\"><a class=\"wp-block-button__link wp-element-button\" href=\"https:\/\/my.hidrive.com\/share\/x1l4xw4ugd\" style=\"border-radius:5px\" target=\"_blank\" rel=\"noreferrer noopener nofollow\">HiDrive<\/a><\/div>\n<\/div>\n\n\n\n<div style=\"height:100px\" aria-hidden=\"true\" class=\"wp-block-spacer\"><\/div>\n\n\n\n<p><\/p>","protected":false},"excerpt":{"rendered":"<p>Downloads Hier findest Du Bedienungsanleitungen, Kurzanleitungen und Flyer zu unseren Produkten. \u00dcber diese Kn\u00f6pfe kannst du die Sprache der Dokumente \u00e4ndern: DE EN NL argoTrackPilot Bedienungsanleitung Kurzanleitung (Argonics) Kurzanleitung (Alphatron Marine) (Technisches) Datenblatt Flyer argoControlPanel flex argoDataPortal Bedienungsanleitung Kurzanleitung (Technisches) Datenblatt Flyer argoPositionPilot Bedienungsanleitung Kurzanleitung (Technisches) Datenblatt Flyer argoControlPanel flex argoTrackPilot User Manual Quick start [&hellip;]<\/p>\n","protected":false},"author":1,"featured_media":0,"parent":1963,"menu_order":0,"comment_status":"closed","ping_status":"closed","template":"","meta":{"footnotes":""},"class_list":["post-6022","page","type-page","status-publish","hentry"],"blocksy_meta":{"has_hero_section":"disabled"},"yoast_head":"<!-- This site is optimized with the Yoast SEO plugin v27.3 - https:\/\/yoast.com\/product\/yoast-seo-wordpress\/ -->\n<title>Downloads &#8211; argonics<\/title>\n<meta name=\"description\" content=\"Kostenlose Online-Trainings (argoTraining) f\u00fcr unsere Produkte inklusive Zertifizierungsm\u00f6glichkeit.\" \/>\n<meta name=\"robots\" content=\"index, follow, max-snippet:-1, max-image-preview:large, max-video-preview:-1\" \/>\n<link rel=\"canonical\" href=\"https:\/\/argonics.de\/nl\/produkte\/downloads\/\" \/>\n<meta property=\"og:locale\" content=\"nl_NL\" \/>\n<meta property=\"og:type\" content=\"article\" \/>\n<meta property=\"og:title\" content=\"Downloads &#8211; argonics\" \/>\n<meta property=\"og:description\" content=\"Kostenlose Online-Trainings (argoTraining) f\u00fcr unsere Produkte inklusive Zertifizierungsm\u00f6glichkeit.\" \/>\n<meta property=\"og:url\" content=\"https:\/\/argonics.de\/nl\/produkte\/downloads\/\" \/>\n<meta property=\"og:site_name\" content=\"argonics\" \/>\n<meta property=\"article:publisher\" content=\"https:\/\/www.facebook.com\/profile.php?id=100091430529763\" \/>\n<meta property=\"article:modified_time\" content=\"2026-03-04T13:23:11+00:00\" \/>\n<meta property=\"og:image\" content=\"https:\/\/argonics.de\/wp-content\/uploads\/2023\/08\/Europa_Fluesse_all_Zuschnitt.png\" \/>\n\t<meta property=\"og:image:width\" content=\"6157\" \/>\n\t<meta property=\"og:image:height\" content=\"2000\" \/>\n\t<meta property=\"og:image:type\" content=\"image\/png\" \/>\n<meta name=\"twitter:card\" content=\"summary_large_image\" \/>\n<script type=\"application\/ld+json\" class=\"yoast-schema-graph\">{\"@context\":\"https:\\\/\\\/schema.org\",\"@graph\":[{\"@type\":\"WebPage\",\"@id\":\"https:\\\/\\\/argonics.de\\\/produkte\\\/downloads\\\/\",\"url\":\"https:\\\/\\\/argonics.de\\\/produkte\\\/downloads\\\/\",\"name\":\"Downloads &#8211; argonics\",\"isPartOf\":{\"@id\":\"https:\\\/\\\/argonics.de\\\/#website\"},\"primaryImageOfPage\":{\"@id\":\"https:\\\/\\\/argonics.de\\\/produkte\\\/downloads\\\/#primaryimage\"},\"image\":{\"@id\":\"https:\\\/\\\/argonics.de\\\/produkte\\\/downloads\\\/#primaryimage\"},\"thumbnailUrl\":\"http:\\\/\\\/trackpilot.eu\\\/wp-content\\\/uploads\\\/2023\\\/08\\\/Europa_Fluesse_all_Zuschnitt.png\",\"datePublished\":\"2023-07-14T08:00:26+00:00\",\"dateModified\":\"2026-03-04T13:23:11+00:00\",\"description\":\"Kostenlose Online-Trainings (argoTraining) f\u00fcr unsere Produkte inklusive Zertifizierungsm\u00f6glichkeit.\",\"breadcrumb\":{\"@id\":\"https:\\\/\\\/argonics.de\\\/produkte\\\/downloads\\\/#breadcrumb\"},\"inLanguage\":\"nl-NL\",\"potentialAction\":[{\"@type\":\"ReadAction\",\"target\":[\"https:\\\/\\\/argonics.de\\\/produkte\\\/downloads\\\/\"]}]},{\"@type\":\"ImageObject\",\"inLanguage\":\"nl-NL\",\"@id\":\"https:\\\/\\\/argonics.de\\\/produkte\\\/downloads\\\/#primaryimage\",\"url\":\"http:\\\/\\\/trackpilot.eu\\\/wp-content\\\/uploads\\\/2023\\\/08\\\/Europa_Fluesse_all_Zuschnitt.png\",\"contentUrl\":\"http:\\\/\\\/trackpilot.eu\\\/wp-content\\\/uploads\\\/2023\\\/08\\\/Europa_Fluesse_all_Zuschnitt.png\"},{\"@type\":\"BreadcrumbList\",\"@id\":\"https:\\\/\\\/argonics.de\\\/produkte\\\/downloads\\\/#breadcrumb\",\"itemListElement\":[{\"@type\":\"ListItem\",\"position\":1,\"name\":\"Startseite\",\"item\":\"https:\\\/\\\/argonics.de\\\/\"},{\"@type\":\"ListItem\",\"position\":2,\"name\":\"Produkte\",\"item\":\"https:\\\/\\\/argonics.de\\\/produkte\\\/\"},{\"@type\":\"ListItem\",\"position\":3,\"name\":\"Downloads\"}]},{\"@type\":\"WebSite\",\"@id\":\"https:\\\/\\\/argonics.de\\\/#website\",\"url\":\"https:\\\/\\\/argonics.de\\\/\",\"name\":\"argonics\",\"description\":\"Die Experten im Bereich Automatisierung in der Binnenschifffahrt \u2013 Trackpilot, Dynamic Positioning und mehr\",\"publisher\":{\"@id\":\"https:\\\/\\\/argonics.de\\\/#organization\"},\"potentialAction\":[{\"@type\":\"SearchAction\",\"target\":{\"@type\":\"EntryPoint\",\"urlTemplate\":\"https:\\\/\\\/argonics.de\\\/?s={search_term_string}\"},\"query-input\":{\"@type\":\"PropertyValueSpecification\",\"valueRequired\":true,\"valueName\":\"search_term_string\"}}],\"inLanguage\":\"nl-NL\"},{\"@type\":\"Organization\",\"@id\":\"https:\\\/\\\/argonics.de\\\/#organization\",\"name\":\"Argonics GmbH\",\"alternateName\":\"argonics\",\"url\":\"https:\\\/\\\/argonics.de\\\/\",\"logo\":{\"@type\":\"ImageObject\",\"inLanguage\":\"nl-NL\",\"@id\":\"https:\\\/\\\/argonics.de\\\/#\\\/schema\\\/logo\\\/image\\\/\",\"url\":\"https:\\\/\\\/argonics.de\\\/wp-content\\\/uploads\\\/2024\\\/07\\\/Logo_argonics_RGB.png\",\"contentUrl\":\"https:\\\/\\\/argonics.de\\\/wp-content\\\/uploads\\\/2024\\\/07\\\/Logo_argonics_RGB.png\",\"width\":1179,\"height\":298,\"caption\":\"Argonics GmbH\"},\"image\":{\"@id\":\"https:\\\/\\\/argonics.de\\\/#\\\/schema\\\/logo\\\/image\\\/\"},\"sameAs\":[\"https:\\\/\\\/www.facebook.com\\\/profile.php?id=100091430529763\",\"https:\\\/\\\/www.linkedin.com\\\/company\\\/94261407\"]}]}<\/script>\n<!-- \/ Yoast SEO plugin. -->","yoast_head_json":{"title":"Downloads &#8211; argonics","description":"Kostenlose Online-Trainings (argoTraining) f\u00fcr unsere Produkte inklusive Zertifizierungsm\u00f6glichkeit.","robots":{"index":"index","follow":"follow","max-snippet":"max-snippet:-1","max-image-preview":"max-image-preview:large","max-video-preview":"max-video-preview:-1"},"canonical":"https:\/\/argonics.de\/nl\/produkte\/downloads\/","og_locale":"nl_NL","og_type":"article","og_title":"Downloads &#8211; argonics","og_description":"Kostenlose Online-Trainings (argoTraining) f\u00fcr unsere Produkte inklusive Zertifizierungsm\u00f6glichkeit.","og_url":"https:\/\/argonics.de\/nl\/produkte\/downloads\/","og_site_name":"argonics","article_publisher":"https:\/\/www.facebook.com\/profile.php?id=100091430529763","article_modified_time":"2026-03-04T13:23:11+00:00","og_image":[{"width":6157,"height":2000,"url":"https:\/\/argonics.de\/wp-content\/uploads\/2023\/08\/Europa_Fluesse_all_Zuschnitt.png","type":"image\/png"}],"twitter_card":"summary_large_image","schema":{"@context":"https:\/\/schema.org","@graph":[{"@type":"WebPage","@id":"https:\/\/argonics.de\/produkte\/downloads\/","url":"https:\/\/argonics.de\/produkte\/downloads\/","name":"Downloads &#8211; argonics","isPartOf":{"@id":"https:\/\/argonics.de\/#website"},"primaryImageOfPage":{"@id":"https:\/\/argonics.de\/produkte\/downloads\/#primaryimage"},"image":{"@id":"https:\/\/argonics.de\/produkte\/downloads\/#primaryimage"},"thumbnailUrl":"http:\/\/trackpilot.eu\/wp-content\/uploads\/2023\/08\/Europa_Fluesse_all_Zuschnitt.png","datePublished":"2023-07-14T08:00:26+00:00","dateModified":"2026-03-04T13:23:11+00:00","description":"Kostenlose Online-Trainings (argoTraining) f\u00fcr unsere Produkte inklusive Zertifizierungsm\u00f6glichkeit.","breadcrumb":{"@id":"https:\/\/argonics.de\/produkte\/downloads\/#breadcrumb"},"inLanguage":"nl-NL","potentialAction":[{"@type":"ReadAction","target":["https:\/\/argonics.de\/produkte\/downloads\/"]}]},{"@type":"ImageObject","inLanguage":"nl-NL","@id":"https:\/\/argonics.de\/produkte\/downloads\/#primaryimage","url":"http:\/\/trackpilot.eu\/wp-content\/uploads\/2023\/08\/Europa_Fluesse_all_Zuschnitt.png","contentUrl":"http:\/\/trackpilot.eu\/wp-content\/uploads\/2023\/08\/Europa_Fluesse_all_Zuschnitt.png"},{"@type":"BreadcrumbList","@id":"https:\/\/argonics.de\/produkte\/downloads\/#breadcrumb","itemListElement":[{"@type":"ListItem","position":1,"name":"Startseite","item":"https:\/\/argonics.de\/"},{"@type":"ListItem","position":2,"name":"Produkte","item":"https:\/\/argonics.de\/produkte\/"},{"@type":"ListItem","position":3,"name":"Downloads"}]},{"@type":"WebSite","@id":"https:\/\/argonics.de\/#website","url":"https:\/\/argonics.de\/","name":"argonics","description":"Die Experten im Bereich Automatisierung in der Binnenschifffahrt \u2013 Trackpilot, Dynamic Positioning und mehr","publisher":{"@id":"https:\/\/argonics.de\/#organization"},"potentialAction":[{"@type":"SearchAction","target":{"@type":"EntryPoint","urlTemplate":"https:\/\/argonics.de\/?s={search_term_string}"},"query-input":{"@type":"PropertyValueSpecification","valueRequired":true,"valueName":"search_term_string"}}],"inLanguage":"nl-NL"},{"@type":"Organization","@id":"https:\/\/argonics.de\/#organization","name":"Argonics GmbH","alternateName":"argonics","url":"https:\/\/argonics.de\/","logo":{"@type":"ImageObject","inLanguage":"nl-NL","@id":"https:\/\/argonics.de\/#\/schema\/logo\/image\/","url":"https:\/\/argonics.de\/wp-content\/uploads\/2024\/07\/Logo_argonics_RGB.png","contentUrl":"https:\/\/argonics.de\/wp-content\/uploads\/2024\/07\/Logo_argonics_RGB.png","width":1179,"height":298,"caption":"Argonics GmbH"},"image":{"@id":"https:\/\/argonics.de\/#\/schema\/logo\/image\/"},"sameAs":["https:\/\/www.facebook.com\/profile.php?id=100091430529763","https:\/\/www.linkedin.com\/company\/94261407"]}]}},"_links":{"self":[{"href":"https:\/\/argonics.de\/nl\/wp-json\/wp\/v2\/pages\/6022","targetHints":{"allow":["GET"]}}],"collection":[{"href":"https:\/\/argonics.de\/nl\/wp-json\/wp\/v2\/pages"}],"about":[{"href":"https:\/\/argonics.de\/nl\/wp-json\/wp\/v2\/types\/page"}],"author":[{"embeddable":true,"href":"https:\/\/argonics.de\/nl\/wp-json\/wp\/v2\/users\/1"}],"replies":[{"embeddable":true,"href":"https:\/\/argonics.de\/nl\/wp-json\/wp\/v2\/comments?post=6022"}],"version-history":[{"count":25,"href":"https:\/\/argonics.de\/nl\/wp-json\/wp\/v2\/pages\/6022\/revisions"}],"predecessor-version":[{"id":6394,"href":"https:\/\/argonics.de\/nl\/wp-json\/wp\/v2\/pages\/6022\/revisions\/6394"}],"up":[{"embeddable":true,"href":"https:\/\/argonics.de\/nl\/wp-json\/wp\/v2\/pages\/1963"}],"wp:attachment":[{"href":"https:\/\/argonics.de\/nl\/wp-json\/wp\/v2\/media?parent=6022"}],"curies":[{"name":"wp","href":"https:\/\/api.w.org\/{rel}","templated":true}]}}